{"id":16045,"date":"2022-09-15T10:40:41","date_gmt":"2022-09-15T08:40:41","guid":{"rendered":"https:\/\/roxxlight.com\/blinder-floor-extension\/"},"modified":"2024-07-25T10:20:35","modified_gmt":"2024-07-25T08:20:35","slug":"floor-extension","status":"publish","type":"page","link":"https:\/\/roxxlight.com\/de\/floor-extension\/","title":{"rendered":"Floor Extension"},"content":{"rendered":"<p>[et_pb_section fb_built=&#8220;1&#8243; _builder_version=&#8220;4.16&#8243; _module_preset=&#8220;default&#8220; global_colors_info=&#8220;{}&#8220;][et_pb_row column_structure=&#8220;2_5,3_5&#8243; _builder_version=&#8220;4.16&#8243; custom_margin=&#8220;-50px||||false|false&#8220; locked=&#8220;off&#8220; global_colors_info=&#8220;{}&#8220;][et_pb_column type=&#8220;2_5&#8243; _builder_version=&#8220;4.16&#8243; background_color=&#8220;rgba(0,0,0,0)&#8220; global_colors_info=&#8220;{}&#8220;][et_pb_image src=&#8220;\/\/d33howksrrrp7h.cloudfront.net\/wp-content\/uploads\/2022\/03\/ROXX-Blinder-Floor-Extension.jpg&#8220; title_text=&#8220;ROXX-Blinder-Floor-Extension&#8220; _builder_version=&#8220;4.17.6&#8243; width=&#8220;80%&#8220; animation_style=&#8220;fade&#8220; global_colors_info=&#8220;{}&#8220;][\/et_pb_image][\/et_pb_column][et_pb_column type=&#8220;3_5&#8243; _builder_version=&#8220;4.16&#8243; _module_preset=&#8220;default&#8220; global_colors_info=&#8220;{}&#8220;][et_pb_text _builder_version=&#8220;4.25.1&#8243; text_font=&#8220;|800|||||||&#8220; text_font_size=&#8220;18px&#8220; header_font=&#8220;|300|||||||&#8220; header_text_color=&#8220;#575756&#8243; header_font_size=&#8220;22px&#8220; header_2_font=&#8220;|800|||||||&#8220; header_2_text_color=&#8220;#575756&#8243; header_2_font_size=&#8220;18px&#8220; header_font_size_tablet=&#8220;&#8220; header_font_size_phone=&#8220;20px&#8220; header_font_size_last_edited=&#8220;on|phone&#8220; locked=&#8220;off&#8220; global_colors_info=&#8220;{}&#8220;]<\/p>\n<h1><strong>ROXX <\/strong>| Floor Extension<\/h1>\n<p>[\/et_pb_text][et_pb_text _builder_version=&#8220;4.25.1&#8243; text_font=&#8220;||||||||&#8220; text_font_size=&#8220;18px&#8220; header_font=&#8220;|800|||||||&#8220; header_text_color=&#8220;#575756&#8243; header_font_size=&#8220;60px&#8220; header_2_font=&#8220;|700|||||||&#8220; header_2_text_color=&#8220;#575756&#8243; header_2_font_size=&#8220;33px&#8220; header_2_letter_spacing=&#8220;3px&#8220; text_font_size_tablet=&#8220;&#8220; text_font_size_phone=&#8220;16px&#8220; text_font_size_last_edited=&#8220;on|phone&#8220; global_colors_info=&#8220;{}&#8220;]<\/p>\n<p>ROXX FLOOR EXTENSION kann einfach an allen CLUSTER- und E.SHOW maxx Yokes befestigt werden und erm\u00f6glicht die Verwendung aller Leuchten in Bodenanwendungen. Mit seinen integrierten Gummif\u00fc\u00dfen ist er so konzipiert, dass er auf jeder ebenen Fl\u00e4che und in jedem m\u00f6glichen Winkel \/ jeder Ausrichtung des Leuchtenkopfes sicher steht.<\/p>\n<p><strong>Key Features:<\/strong><\/p>\n<ul>\n<li>Erstellen Sie vertikale Strukturen in einzelnen oder doppelten Reihen bei einer Bodenanwendung<\/li>\n<li>Einfache Befestigung an allen CLUSTER- und E.SHOW maxx Yokes<\/li>\n<\/ul>\n<p>[\/et_pb_text][et_pb_tabs active_tab_background_color=&#8220;#dba000&#8243; active_tab_text_color=&#8220;#ffffff&#8220; _builder_version=&#8220;4.17.6&#8243; tab_text_color=&#8220;#575756&#8243; width=&#8220;100%&#8220; module_alignment=&#8220;left&#8220; locked=&#8220;off&#8220; global_colors_info=&#8220;{}&#8220;][et_pb_tab title=&#8220;Technische Daten&#8220; _builder_version=&#8220;4.17.6&#8243; body_line_height=&#8220;1.8em&#8220; global_colors_info=&#8220;{}&#8220;]<\/p>\n<h5>Abmessungen &amp; Gewicht<\/h5>\n<ul>\n<li>Material: Metall<\/li>\n<li>Netto-Abmessungen: 320x11x250 mm (w x h x d)<\/li>\n<li>Netto-Abmessungen in Zoll: 12,59&#215;0,43&#215;9,84 inches (w x h x d)<\/li>\n<li>Netto-Gewicht 1,8kg (3,97 lbs)<\/li>\n<\/ul>\n<h5>Inklusive \/ Optional<\/h5>\n<ul>\n<li>Inklusive 2x M8 Allan-Schrauben f\u00fcr die B\u00fcgelbefestigung<\/li>\n<\/ul>\n<p>[\/et_pb_tab][et_pb_tab title=&#8220;Medien&#8220; _builder_version=&#8220;4.17.6&#8243; global_colors_info=&#8220;{}&#8220;]<\/p>\n<p><a href=\"https:\/\/roxxlight.com\/wp-content\/uploads\/2022\/03\/ROXX-Blinder-Floor-Extension.jpg\" target=\"_blank\" rel=\"noopener noreferrer\"><img loading=\"lazy\" decoding=\"async\" class=\"wp-image-5028 alignnone size-full\" src=\"https:\/\/roxxlight.com\/wp-content\/uploads\/2021\/02\/Icons-download.png\" alt=\"\" width=\"146\" height=\"146\" srcset=\"https:\/\/roxxlight.com\/wp-content\/uploads\/2021\/02\/Icons-download.png 195w, https:\/\/roxxlight.com\/wp-content\/uploads\/2021\/02\/Icons-download-150x150.png 150w\" sizes=\"(max-width: 146px) 100vw, 146px\" \/><br \/><\/a><\/p>\n<p class=\"p1\">Laden Sie hier Produktbilder herunter!<\/p>\n<p>[\/et_pb_tab][\/et_pb_tabs][\/et_pb_column][\/et_pb_row][\/et_pb_section]<\/p>\n","protected":false},"excerpt":{"rendered":"<p>ROXX | Floor ExtensionROXX FLOOR EXTENSION kann einfach an allen CLUSTER- und E.SHOW maxx Yokes befestigt werden und erm\u00f6glicht die Verwendung aller Leuchten in Bodenanwendungen. Mit seinen integrierten Gummif\u00fc\u00dfen ist er so konzipiert, dass er auf jeder ebenen Fl\u00e4che und in jedem m\u00f6glichen Winkel \/ jeder Ausrichtung des Leuchtenkopfes sicher steht. Key Features: Erstellen Sie [&hellip;]<\/p>\n","protected":false},"author":1,"featured_media":0,"parent":0,"menu_order":0,"comment_status":"closed","ping_status":"closed","template":"","meta":{"_et_pb_use_builder":"on","_et_pb_old_content":"","_et_gb_content_width":"","footnotes":""},"class_list":["post-16045","page","type-page","status-publish","hentry"],"yoast_head":"<!-- This site is optimized with the Yoast SEO plugin v27.3 - https:\/\/yoast.com\/product\/yoast-seo-wordpress\/ -->\n<title>Floor Extension - Roxxlight<\/title>\n<meta name=\"robots\" content=\"index, follow, max-snippet:-1, max-image-preview:large, max-video-preview:-1\" \/>\n<link rel=\"canonical\" href=\"https:\/\/roxxlight.com\/floor-extension\/\" \/>\n<meta property=\"og:locale\" content=\"de_DE\" \/>\n<meta property=\"og:type\" content=\"article\" \/>\n<meta property=\"og:title\" content=\"Floor Extension - Roxxlight\" \/>\n<meta property=\"og:description\" content=\"ROXX | Floor ExtensionROXX FLOOR EXTENSION kann einfach an allen CLUSTER- und E.SHOW maxx Yokes befestigt werden und erm\u00f6glicht die Verwendung aller Leuchten in Bodenanwendungen. Mit seinen integrierten Gummif\u00fc\u00dfen ist er so konzipiert, dass er auf jeder ebenen Fl\u00e4che und in jedem m\u00f6glichen Winkel \/ jeder Ausrichtung des Leuchtenkopfes sicher steht. Key Features: Erstellen Sie [&hellip;]\" \/>\n<meta property=\"og:url\" content=\"https:\/\/roxxlight.com\/floor-extension\/\" \/>\n<meta property=\"og:site_name\" content=\"Roxxlight\" \/>\n<meta property=\"article:publisher\" content=\"https:\/\/www.facebook.com\/roxxlight\" \/>\n<meta property=\"article:modified_time\" content=\"2024-07-25T08:20:35+00:00\" \/>\n<meta property=\"og:image\" content=\"https:\/\/roxxlight.com\/wp-content\/uploads\/2021\/02\/Icons-download.png\" \/>\n\t<meta property=\"og:image:width\" content=\"195\" \/>\n\t<meta property=\"og:image:height\" content=\"195\" \/>\n\t<meta property=\"og:image:type\" content=\"image\/png\" \/>\n<meta name=\"twitter:card\" content=\"summary_large_image\" \/>\n<meta name=\"twitter:label1\" content=\"Gesch\u00e4tzte Lesezeit\" \/>\n\t<meta name=\"twitter:data1\" content=\"2\u00a0Minuten\" \/>\n<script type=\"application\/ld+json\" class=\"yoast-schema-graph\">{\"@context\":\"https:\\\/\\\/schema.org\",\"@graph\":[{\"@type\":\"WebPage\",\"@id\":\"https:\\\/\\\/roxxlight.com\\\/floor-extension\\\/\",\"url\":\"https:\\\/\\\/roxxlight.com\\\/floor-extension\\\/\",\"name\":\"Floor Extension - Roxxlight\",\"isPartOf\":{\"@id\":\"https:\\\/\\\/roxxlight.com\\\/de\\\/#website\"},\"primaryImageOfPage\":{\"@id\":\"https:\\\/\\\/roxxlight.com\\\/floor-extension\\\/#primaryimage\"},\"image\":{\"@id\":\"https:\\\/\\\/roxxlight.com\\\/floor-extension\\\/#primaryimage\"},\"thumbnailUrl\":\"https:\\\/\\\/roxxlight.com\\\/wp-content\\\/uploads\\\/2021\\\/02\\\/Icons-download.png\",\"datePublished\":\"2022-09-15T08:40:41+00:00\",\"dateModified\":\"2024-07-25T08:20:35+00:00\",\"breadcrumb\":{\"@id\":\"https:\\\/\\\/roxxlight.com\\\/floor-extension\\\/#breadcrumb\"},\"inLanguage\":\"de\",\"potentialAction\":[{\"@type\":\"ReadAction\",\"target\":[\"https:\\\/\\\/roxxlight.com\\\/floor-extension\\\/\"]}]},{\"@type\":\"ImageObject\",\"inLanguage\":\"de\",\"@id\":\"https:\\\/\\\/roxxlight.com\\\/floor-extension\\\/#primaryimage\",\"url\":\"https:\\\/\\\/roxxlight.com\\\/wp-content\\\/uploads\\\/2021\\\/02\\\/Icons-download.png\",\"contentUrl\":\"https:\\\/\\\/roxxlight.com\\\/wp-content\\\/uploads\\\/2021\\\/02\\\/Icons-download.png\"},{\"@type\":\"BreadcrumbList\",\"@id\":\"https:\\\/\\\/roxxlight.com\\\/floor-extension\\\/#breadcrumb\",\"itemListElement\":[{\"@type\":\"ListItem\",\"position\":1,\"name\":\"Startseite\",\"item\":\"https:\\\/\\\/roxxlight.com\\\/\"},{\"@type\":\"ListItem\",\"position\":2,\"name\":\"Floor Extension\"}]},{\"@type\":\"WebSite\",\"@id\":\"https:\\\/\\\/roxxlight.com\\\/de\\\/#website\",\"url\":\"https:\\\/\\\/roxxlight.com\\\/de\\\/\",\"name\":\"Roxxlight\",\"description\":\"\",\"publisher\":{\"@id\":\"https:\\\/\\\/roxxlight.com\\\/de\\\/#organization\"},\"potentialAction\":[{\"@type\":\"SearchAction\",\"target\":{\"@type\":\"EntryPoint\",\"urlTemplate\":\"https:\\\/\\\/roxxlight.com\\\/de\\\/?s={search_term_string}\"},\"query-input\":{\"@type\":\"PropertyValueSpecification\",\"valueRequired\":true,\"valueName\":\"search_term_string\"}}],\"inLanguage\":\"de\"},{\"@type\":\"Organization\",\"@id\":\"https:\\\/\\\/roxxlight.com\\\/de\\\/#organization\",\"name\":\"Roxxlight\",\"url\":\"https:\\\/\\\/roxxlight.com\\\/de\\\/\",\"logo\":{\"@type\":\"ImageObject\",\"inLanguage\":\"de\",\"@id\":\"https:\\\/\\\/roxxlight.com\\\/de\\\/#\\\/schema\\\/logo\\\/image\\\/\",\"url\":\"https:\\\/\\\/roxxlight.com\\\/wp-content\\\/uploads\\\/2024\\\/04\\\/Logo-ROXX_Newsletter-black.png\",\"contentUrl\":\"https:\\\/\\\/roxxlight.com\\\/wp-content\\\/uploads\\\/2024\\\/04\\\/Logo-ROXX_Newsletter-black.png\",\"width\":600,\"height\":114,\"caption\":\"Roxxlight\"},\"image\":{\"@id\":\"https:\\\/\\\/roxxlight.com\\\/de\\\/#\\\/schema\\\/logo\\\/image\\\/\"},\"sameAs\":[\"https:\\\/\\\/www.facebook.com\\\/roxxlight\",\"https:\\\/\\\/www.instagram.com\\\/roxx.light\\\/\"]}]}<\/script>\n<!-- \/ Yoast SEO plugin. -->","yoast_head_json":{"title":"Floor Extension - Roxxlight","robots":{"index":"index","follow":"follow","max-snippet":"max-snippet:-1","max-image-preview":"max-image-preview:large","max-video-preview":"max-video-preview:-1"},"canonical":"https:\/\/roxxlight.com\/floor-extension\/","og_locale":"de_DE","og_type":"article","og_title":"Floor Extension - Roxxlight","og_description":"ROXX | Floor ExtensionROXX FLOOR EXTENSION kann einfach an allen CLUSTER- und E.SHOW maxx Yokes befestigt werden und erm\u00f6glicht die Verwendung aller Leuchten in Bodenanwendungen. Mit seinen integrierten Gummif\u00fc\u00dfen ist er so konzipiert, dass er auf jeder ebenen Fl\u00e4che und in jedem m\u00f6glichen Winkel \/ jeder Ausrichtung des Leuchtenkopfes sicher steht. Key Features: Erstellen Sie [&hellip;]","og_url":"https:\/\/roxxlight.com\/floor-extension\/","og_site_name":"Roxxlight","article_publisher":"https:\/\/www.facebook.com\/roxxlight","article_modified_time":"2024-07-25T08:20:35+00:00","og_image":[{"width":195,"height":195,"url":"https:\/\/roxxlight.com\/wp-content\/uploads\/2021\/02\/Icons-download.png","type":"image\/png"}],"twitter_card":"summary_large_image","twitter_misc":{"Gesch\u00e4tzte Lesezeit":"2\u00a0Minuten"},"schema":{"@context":"https:\/\/schema.org","@graph":[{"@type":"WebPage","@id":"https:\/\/roxxlight.com\/floor-extension\/","url":"https:\/\/roxxlight.com\/floor-extension\/","name":"Floor Extension - Roxxlight","isPartOf":{"@id":"https:\/\/roxxlight.com\/de\/#website"},"primaryImageOfPage":{"@id":"https:\/\/roxxlight.com\/floor-extension\/#primaryimage"},"image":{"@id":"https:\/\/roxxlight.com\/floor-extension\/#primaryimage"},"thumbnailUrl":"https:\/\/roxxlight.com\/wp-content\/uploads\/2021\/02\/Icons-download.png","datePublished":"2022-09-15T08:40:41+00:00","dateModified":"2024-07-25T08:20:35+00:00","breadcrumb":{"@id":"https:\/\/roxxlight.com\/floor-extension\/#breadcrumb"},"inLanguage":"de","potentialAction":[{"@type":"ReadAction","target":["https:\/\/roxxlight.com\/floor-extension\/"]}]},{"@type":"ImageObject","inLanguage":"de","@id":"https:\/\/roxxlight.com\/floor-extension\/#primaryimage","url":"https:\/\/roxxlight.com\/wp-content\/uploads\/2021\/02\/Icons-download.png","contentUrl":"https:\/\/roxxlight.com\/wp-content\/uploads\/2021\/02\/Icons-download.png"},{"@type":"BreadcrumbList","@id":"https:\/\/roxxlight.com\/floor-extension\/#breadcrumb","itemListElement":[{"@type":"ListItem","position":1,"name":"Startseite","item":"https:\/\/roxxlight.com\/"},{"@type":"ListItem","position":2,"name":"Floor Extension"}]},{"@type":"WebSite","@id":"https:\/\/roxxlight.com\/de\/#website","url":"https:\/\/roxxlight.com\/de\/","name":"Roxxlight","description":"","publisher":{"@id":"https:\/\/roxxlight.com\/de\/#organization"},"potentialAction":[{"@type":"SearchAction","target":{"@type":"EntryPoint","urlTemplate":"https:\/\/roxxlight.com\/de\/?s={search_term_string}"},"query-input":{"@type":"PropertyValueSpecification","valueRequired":true,"valueName":"search_term_string"}}],"inLanguage":"de"},{"@type":"Organization","@id":"https:\/\/roxxlight.com\/de\/#organization","name":"Roxxlight","url":"https:\/\/roxxlight.com\/de\/","logo":{"@type":"ImageObject","inLanguage":"de","@id":"https:\/\/roxxlight.com\/de\/#\/schema\/logo\/image\/","url":"https:\/\/roxxlight.com\/wp-content\/uploads\/2024\/04\/Logo-ROXX_Newsletter-black.png","contentUrl":"https:\/\/roxxlight.com\/wp-content\/uploads\/2024\/04\/Logo-ROXX_Newsletter-black.png","width":600,"height":114,"caption":"Roxxlight"},"image":{"@id":"https:\/\/roxxlight.com\/de\/#\/schema\/logo\/image\/"},"sameAs":["https:\/\/www.facebook.com\/roxxlight","https:\/\/www.instagram.com\/roxx.light\/"]}]}},"_links":{"self":[{"href":"https:\/\/roxxlight.com\/de\/wp-json\/wp\/v2\/pages\/16045","targetHints":{"allow":["GET"]}}],"collection":[{"href":"https:\/\/roxxlight.com\/de\/wp-json\/wp\/v2\/pages"}],"about":[{"href":"https:\/\/roxxlight.com\/de\/wp-json\/wp\/v2\/types\/page"}],"author":[{"embeddable":true,"href":"https:\/\/roxxlight.com\/de\/wp-json\/wp\/v2\/users\/1"}],"replies":[{"embeddable":true,"href":"https:\/\/roxxlight.com\/de\/wp-json\/wp\/v2\/comments?post=16045"}],"version-history":[{"count":20,"href":"https:\/\/roxxlight.com\/de\/wp-json\/wp\/v2\/pages\/16045\/revisions"}],"predecessor-version":[{"id":30260,"href":"https:\/\/roxxlight.com\/de\/wp-json\/wp\/v2\/pages\/16045\/revisions\/30260"}],"wp:attachment":[{"href":"https:\/\/roxxlight.com\/de\/wp-json\/wp\/v2\/media?parent=16045"}],"curies":[{"name":"wp","href":"https:\/\/api.w.org\/{rel}","templated":true}]}}