{"id":36217,"date":"2025-03-31T09:41:31","date_gmt":"2025-03-31T07:41:31","guid":{"rendered":"https:\/\/roxxlight.com\/conditions-de-garantie\/"},"modified":"2025-07-09T10:19:53","modified_gmt":"2025-07-09T08:19:53","slug":"conditions-de-garantie","status":"publish","type":"page","link":"https:\/\/roxxlight.com\/fr\/conditions-de-garantie\/","title":{"rendered":"Conditions de garantie"},"content":{"rendered":"<p>[et_pb_section fb_built=\u00a0\u00bb1&Prime; _builder_version=\u00a0\u00bb4.27.4&Prime; _module_preset=\u00a0\u00bbdefault\u00a0\u00bb background_color=\u00a0\u00bb#000000&Prime; global_colors_info=\u00a0\u00bb{}\u00a0\u00bb][et_pb_row _builder_version=\u00a0\u00bb4.16&Prime; _module_preset=\u00a0\u00bbdefault\u00a0\u00bb width_tablet=\u00a0\u00bb\u00a0\u00bb width_phone=\u00a0\u00bb100%\u00a0\u00bb width_last_edited=\u00a0\u00bbon|phone\u00a0\u00bb custom_margin_tablet=\u00a0\u00bb\u00a0\u00bb custom_margin_phone=\u00a0\u00bb|||15px|false|false\u00a0\u00bb custom_margin_last_edited=\u00a0\u00bbon|phone\u00a0\u00bb custom_padding=\u00a0\u00bb|8px|||false|false\u00a0\u00bb global_colors_info=\u00a0\u00bb{}\u00a0\u00bb][et_pb_column type=\u00a0\u00bb4_4&Prime; _builder_version=\u00a0\u00bb4.16&Prime; _module_preset=\u00a0\u00bbdefault\u00a0\u00bb global_colors_info=\u00a0\u00bb{}\u00a0\u00bb][et_pb_image src=\u00a0\u00bbhttps:\/\/roxxlight.com\/wp-content\/uploads\/2025\/02\/Logo-Garantie.png\u00a0\u00bb title_text=\u00a0\u00bbLogo-Garantie\u00a0\u00bb _builder_version=\u00a0\u00bb4.27.4&Prime; _module_preset=\u00a0\u00bbdefault\u00a0\u00bb width=\u00a0\u00bb11%\u00a0\u00bb module_alignment=\u00a0\u00bbleft\u00a0\u00bb custom_padding=\u00a0\u00bb5px|||||\u00a0\u00bb global_colors_info=\u00a0\u00bb{}\u00a0\u00bb][\/et_pb_image][et_pb_text _builder_version=\u00a0\u00bb4.27.4&Prime; text_text_color=\u00a0\u00bb#FFFFFF\u00a0\u00bb text_font_size=\u00a0\u00bb18px\u00a0\u00bb header_font=\u00a0\u00bb|800|||||||\u00a0\u00bb header_text_color=\u00a0\u00bb#575756&Prime; header_font_size=\u00a0\u00bb60px\u00a0\u00bb header_2_font=\u00a0\u00bb|700|||||||\u00a0\u00bb header_2_text_color=\u00a0\u00bb#DBA000&Prime; header_2_font_size=\u00a0\u00bb32px\u00a0\u00bb width_tablet=\u00a0\u00bb\u00a0\u00bb width_phone=\u00a0\u00bb100%\u00a0\u00bb width_last_edited=\u00a0\u00bbon|phone\u00a0\u00bb module_alignment=\u00a0\u00bbleft\u00a0\u00bb custom_margin=\u00a0\u00bb|0px||0px|false|false\u00a0\u00bb custom_margin_tablet=\u00a0\u00bb\u00a0\u00bb custom_margin_phone=\u00a0\u00bb|0px||0px|false|false\u00a0\u00bb custom_margin_last_edited=\u00a0\u00bbon|phone\u00a0\u00bb custom_padding=\u00a0\u00bb0px|0px|||false|false\u00a0\u00bb hover_enabled=\u00a0\u00bb0&Prime; text_font_size_tablet=\u00a0\u00bb\u00a0\u00bb text_font_size_phone=\u00a0\u00bb16px\u00a0\u00bb text_font_size_last_edited=\u00a0\u00bbon|phone\u00a0\u00bb header_font_size_tablet=\u00a0\u00bb\u00a0\u00bb header_font_size_phone=\u00a0\u00bb\u00a0\u00bb header_font_size_last_edited=\u00a0\u00bbon|phone\u00a0\u00bb header_2_font_size_tablet=\u00a0\u00bb\u00a0\u00bb header_2_font_size_phone=\u00a0\u00bb24px\u00a0\u00bb header_2_font_size_last_edited=\u00a0\u00bbon|phone\u00a0\u00bb locked=\u00a0\u00bboff\u00a0\u00bb global_colors_info=\u00a0\u00bb{}\u00a0\u00bb sticky_enabled=\u00a0\u00bb0&Prime;]<\/p>\n<h2>Conditions de garantie<\/h2>\n<h2> <\/h2>\n<p><strong>A<\/strong>)<br \/>L&rsquo;entreprise garantit les marchandises contre les d\u00e9fauts de mat\u00e9riel et de fabrication dans le cadre d&rsquo;une utilisation normale pendant une p\u00e9riode de deux ans \u00e0 compter de la date de vente au client final.<\/p>\n<p><strong>B)<br \/><\/strong>La preuve d&rsquo;achat est obligatoire et le re\u00e7u \/ la facture d&rsquo;origine doit \u00eatre soumis pour d\u00e9terminer si le produit est sous garantie.<\/p>\n<p><strong>C)<br \/><\/strong>La soci\u00e9t\u00e9 n&rsquo;est pas responsable des r\u00e9clamations indirectes ou des pertes subies par le client.<\/p>\n<p><strong>D)<br \/><\/strong>Il convient \u00e9galement de noter que cette garantie sera consid\u00e9r\u00e9e comme nulle si les marchandises ont \u00e9t\u00e9 utilis\u00e9es \u00e0 des fins autres que celles pour lesquelles elles ont \u00e9t\u00e9 con\u00e7ues ou autrement que conform\u00e9ment aux instructions de la soci\u00e9t\u00e9, ou si elles ont \u00e9t\u00e9 soumises \u00e0 des tensions excessives, ou stock\u00e9es dans des conditions inappropri\u00e9es, ou si elles ont fait l&rsquo;objet d&rsquo;abus ou de manipulations, ou si la marque commerciale ou le num\u00e9ro de s\u00e9rie de la soci\u00e9t\u00e9 ont \u00e9t\u00e9 enlev\u00e9s, d\u00e9grad\u00e9s ou modifi\u00e9s.<\/p>\n<p><strong>E)<\/strong><br \/>Si le client n&rsquo;est pas en mesure de r\u00e9parer le produit, celui-ci doit \u00eatre renvoy\u00e9 \u00e0 la soci\u00e9t\u00e9 pour \u00eatre r\u00e9par\u00e9, et le client doit couvrir tous les frais associ\u00e9s au retour du produit \u00e0 la soci\u00e9t\u00e9. La soci\u00e9t\u00e9 couvrira les frais de retour du produit au client sur la base d&rsquo;un fret standard. Le retour doit se faire dans l&#8217;emballage d&rsquo;origine et en toute s\u00e9curit\u00e9.  <\/p>\n<p><strong>F)<\/strong><br \/>Si la soci\u00e9t\u00e9 remplace la pi\u00e8ce d\u00e9fectueuse conform\u00e9ment aux dispositions pr\u00e9c\u00e9dentes, la pi\u00e8ce d\u00e9fectueuse sera et restera la propri\u00e9t\u00e9 de la soci\u00e9t\u00e9. La pi\u00e8ce d\u00e9fectueuse, r\u00e9par\u00e9e ou remplac\u00e9e, ne sera garantie que pour la p\u00e9riode non \u00e9coul\u00e9e de la garantie applicable au produit connexe. <\/p>\n<p><strong>G)<\/strong><br \/>Les produits et les pi\u00e8ces faisant l&rsquo;objet d&rsquo;une r\u00e9paration peuvent \u00eatre remplac\u00e9s par des produits\/pi\u00e8ces remis \u00e0 neuf du m\u00eame type plut\u00f4t que d&rsquo;\u00eatre r\u00e9par\u00e9s. Les pi\u00e8ces remises \u00e0 neuf peuvent \u00eatre utilis\u00e9es pour r\u00e9parer les produits. Le remplacement du produit ou d&rsquo;une pi\u00e8ce ne prolonge ni ne r\u00e9initialise la dur\u00e9e de la garantie.  <\/p>\n<p><strong>H)<\/strong><br \/>L&rsquo;entreprise se r\u00e9serve le droit de recommander un centre ou un distributeur Service pour la r\u00e9paration ou le remplacement si cela est plus pratique pour le client.<\/p>\n<p>&nbsp;<\/p>\n<p>[\/et_pb_text][\/et_pb_column][\/et_pb_row][\/et_pb_section]<\/p>\n","protected":false},"excerpt":{"rendered":"<p>Conditions de garantie A)L&rsquo;entreprise garantit les marchandises contre les d\u00e9fauts de mat\u00e9riel et de fabrication dans le cadre d&rsquo;une utilisation normale pendant une p\u00e9riode de deux ans \u00e0 compter de la date de vente au client final. B)La preuve d&rsquo;achat est obligatoire et le re\u00e7u \/ la facture d&rsquo;origine doit \u00eatre soumis pour d\u00e9terminer si [&hellip;]<\/p>\n","protected":false},"author":10,"featured_media":0,"parent":0,"menu_order":0,"comment_status":"closed","ping_status":"closed","template":"","meta":{"_et_pb_use_builder":"on","_et_pb_old_content":"","_et_gb_content_width":"","footnotes":""},"class_list":["post-36217","page","type-page","status-publish","hentry"],"yoast_head":"<!-- This site is optimized with the Yoast SEO plugin v27.1.1 - https:\/\/yoast.com\/product\/yoast-seo-wordpress\/ -->\n<title>Conditions de garantie - Roxxlight<\/title>\n<meta name=\"robots\" content=\"index, follow, max-snippet:-1, max-image-preview:large, max-video-preview:-1\" \/>\n<link rel=\"canonical\" href=\"https:\/\/roxxlight.com\/warranty-conditions\/\" \/>\n<meta property=\"og:locale\" content=\"fr_FR\" \/>\n<meta property=\"og:type\" content=\"article\" \/>\n<meta property=\"og:title\" content=\"Conditions de garantie - Roxxlight\" \/>\n<meta property=\"og:description\" content=\"Conditions de garantie A)L&#039;entreprise garantit les marchandises contre les d\u00e9fauts de mat\u00e9riel et de fabrication dans le cadre d&#039;une utilisation normale pendant une p\u00e9riode de deux ans \u00e0 compter de la date de vente au client final. B)La preuve d&#039;achat est obligatoire et le re\u00e7u \/ la facture d&#039;origine doit \u00eatre soumis pour d\u00e9terminer si [&hellip;]\" \/>\n<meta property=\"og:url\" content=\"https:\/\/roxxlight.com\/warranty-conditions\/\" \/>\n<meta property=\"og:site_name\" content=\"Roxxlight\" \/>\n<meta property=\"article:publisher\" content=\"https:\/\/www.facebook.com\/roxxlight\" \/>\n<meta property=\"article:modified_time\" content=\"2025-07-09T08:19:53+00:00\" \/>\n<meta name=\"twitter:card\" content=\"summary_large_image\" \/>\n<meta name=\"twitter:label1\" content=\"Dur\u00e9e de lecture estim\u00e9e\" \/>\n\t<meta name=\"twitter:data1\" content=\"3 minutes\" \/>\n<script type=\"application\/ld+json\" class=\"yoast-schema-graph\">{\"@context\":\"https:\/\/schema.org\",\"@graph\":[{\"@type\":\"WebPage\",\"@id\":\"https:\/\/roxxlight.com\/warranty-conditions\/\",\"url\":\"https:\/\/roxxlight.com\/warranty-conditions\/\",\"name\":\"Conditions de garantie - Roxxlight\",\"isPartOf\":{\"@id\":\"https:\/\/roxxlight.com\/de\/#website\"},\"datePublished\":\"2025-03-31T07:41:31+00:00\",\"dateModified\":\"2025-07-09T08:19:53+00:00\",\"breadcrumb\":{\"@id\":\"https:\/\/roxxlight.com\/warranty-conditions\/#breadcrumb\"},\"inLanguage\":\"fr-FR\",\"potentialAction\":[{\"@type\":\"ReadAction\",\"target\":[\"https:\/\/roxxlight.com\/warranty-conditions\/\"]}]},{\"@type\":\"BreadcrumbList\",\"@id\":\"https:\/\/roxxlight.com\/warranty-conditions\/#breadcrumb\",\"itemListElement\":[{\"@type\":\"ListItem\",\"position\":1,\"name\":\"Startseite\",\"item\":\"https:\/\/roxxlight.com\/\"},{\"@type\":\"ListItem\",\"position\":2,\"name\":\"Conditions de garantie\"}]},{\"@type\":\"WebSite\",\"@id\":\"https:\/\/roxxlight.com\/de\/#website\",\"url\":\"https:\/\/roxxlight.com\/de\/\",\"name\":\"Roxxlight\",\"description\":\"\",\"publisher\":{\"@id\":\"https:\/\/roxxlight.com\/de\/#organization\"},\"potentialAction\":[{\"@type\":\"SearchAction\",\"target\":{\"@type\":\"EntryPoint\",\"urlTemplate\":\"https:\/\/roxxlight.com\/de\/?s={search_term_string}\"},\"query-input\":{\"@type\":\"PropertyValueSpecification\",\"valueRequired\":true,\"valueName\":\"search_term_string\"}}],\"inLanguage\":\"fr-FR\"},{\"@type\":\"Organization\",\"@id\":\"https:\/\/roxxlight.com\/de\/#organization\",\"name\":\"Roxxlight\",\"url\":\"https:\/\/roxxlight.com\/de\/\",\"logo\":{\"@type\":\"ImageObject\",\"inLanguage\":\"fr-FR\",\"@id\":\"https:\/\/roxxlight.com\/de\/#\/schema\/logo\/image\/\",\"url\":\"https:\/\/roxxlight.com\/wp-content\/uploads\/2024\/04\/Logo-ROXX_Newsletter-black.png\",\"contentUrl\":\"https:\/\/roxxlight.com\/wp-content\/uploads\/2024\/04\/Logo-ROXX_Newsletter-black.png\",\"width\":600,\"height\":114,\"caption\":\"Roxxlight\"},\"image\":{\"@id\":\"https:\/\/roxxlight.com\/de\/#\/schema\/logo\/image\/\"},\"sameAs\":[\"https:\/\/www.facebook.com\/roxxlight\",\"https:\/\/www.instagram.com\/roxx.light\/\"]}]}<\/script>\n<!-- \/ Yoast SEO plugin. -->","yoast_head_json":{"title":"Conditions de garantie - Roxxlight","robots":{"index":"index","follow":"follow","max-snippet":"max-snippet:-1","max-image-preview":"max-image-preview:large","max-video-preview":"max-video-preview:-1"},"canonical":"https:\/\/roxxlight.com\/warranty-conditions\/","og_locale":"fr_FR","og_type":"article","og_title":"Conditions de garantie - Roxxlight","og_description":"Conditions de garantie A)L'entreprise garantit les marchandises contre les d\u00e9fauts de mat\u00e9riel et de fabrication dans le cadre d'une utilisation normale pendant une p\u00e9riode de deux ans \u00e0 compter de la date de vente au client final. B)La preuve d'achat est obligatoire et le re\u00e7u \/ la facture d'origine doit \u00eatre soumis pour d\u00e9terminer si [&hellip;]","og_url":"https:\/\/roxxlight.com\/warranty-conditions\/","og_site_name":"Roxxlight","article_publisher":"https:\/\/www.facebook.com\/roxxlight","article_modified_time":"2025-07-09T08:19:53+00:00","twitter_card":"summary_large_image","twitter_misc":{"Dur\u00e9e de lecture estim\u00e9e":"3 minutes"},"schema":{"@context":"https:\/\/schema.org","@graph":[{"@type":"WebPage","@id":"https:\/\/roxxlight.com\/warranty-conditions\/","url":"https:\/\/roxxlight.com\/warranty-conditions\/","name":"Conditions de garantie - Roxxlight","isPartOf":{"@id":"https:\/\/roxxlight.com\/de\/#website"},"datePublished":"2025-03-31T07:41:31+00:00","dateModified":"2025-07-09T08:19:53+00:00","breadcrumb":{"@id":"https:\/\/roxxlight.com\/warranty-conditions\/#breadcrumb"},"inLanguage":"fr-FR","potentialAction":[{"@type":"ReadAction","target":["https:\/\/roxxlight.com\/warranty-conditions\/"]}]},{"@type":"BreadcrumbList","@id":"https:\/\/roxxlight.com\/warranty-conditions\/#breadcrumb","itemListElement":[{"@type":"ListItem","position":1,"name":"Startseite","item":"https:\/\/roxxlight.com\/"},{"@type":"ListItem","position":2,"name":"Conditions de garantie"}]},{"@type":"WebSite","@id":"https:\/\/roxxlight.com\/de\/#website","url":"https:\/\/roxxlight.com\/de\/","name":"Roxxlight","description":"","publisher":{"@id":"https:\/\/roxxlight.com\/de\/#organization"},"potentialAction":[{"@type":"SearchAction","target":{"@type":"EntryPoint","urlTemplate":"https:\/\/roxxlight.com\/de\/?s={search_term_string}"},"query-input":{"@type":"PropertyValueSpecification","valueRequired":true,"valueName":"search_term_string"}}],"inLanguage":"fr-FR"},{"@type":"Organization","@id":"https:\/\/roxxlight.com\/de\/#organization","name":"Roxxlight","url":"https:\/\/roxxlight.com\/de\/","logo":{"@type":"ImageObject","inLanguage":"fr-FR","@id":"https:\/\/roxxlight.com\/de\/#\/schema\/logo\/image\/","url":"https:\/\/roxxlight.com\/wp-content\/uploads\/2024\/04\/Logo-ROXX_Newsletter-black.png","contentUrl":"https:\/\/roxxlight.com\/wp-content\/uploads\/2024\/04\/Logo-ROXX_Newsletter-black.png","width":600,"height":114,"caption":"Roxxlight"},"image":{"@id":"https:\/\/roxxlight.com\/de\/#\/schema\/logo\/image\/"},"sameAs":["https:\/\/www.facebook.com\/roxxlight","https:\/\/www.instagram.com\/roxx.light\/"]}]}},"_links":{"self":[{"href":"https:\/\/roxxlight.com\/fr\/wp-json\/wp\/v2\/pages\/36217","targetHints":{"allow":["GET"]}}],"collection":[{"href":"https:\/\/roxxlight.com\/fr\/wp-json\/wp\/v2\/pages"}],"about":[{"href":"https:\/\/roxxlight.com\/fr\/wp-json\/wp\/v2\/types\/page"}],"author":[{"embeddable":true,"href":"https:\/\/roxxlight.com\/fr\/wp-json\/wp\/v2\/users\/10"}],"replies":[{"embeddable":true,"href":"https:\/\/roxxlight.com\/fr\/wp-json\/wp\/v2\/comments?post=36217"}],"version-history":[{"count":4,"href":"https:\/\/roxxlight.com\/fr\/wp-json\/wp\/v2\/pages\/36217\/revisions"}],"predecessor-version":[{"id":42493,"href":"https:\/\/roxxlight.com\/fr\/wp-json\/wp\/v2\/pages\/36217\/revisions\/42493"}],"wp:attachment":[{"href":"https:\/\/roxxlight.com\/fr\/wp-json\/wp\/v2\/media?parent=36217"}],"curies":[{"name":"wp","href":"https:\/\/api.w.org\/{rel}","templated":true}]}}