{"id":36617,"date":"2025-03-31T14:12:53","date_gmt":"2025-03-31T12:12:53","guid":{"rendered":"https:\/\/roxxlight.com\/omega-bracket-st\/"},"modified":"2025-07-11T14:10:11","modified_gmt":"2025-07-11T12:10:11","slug":"omega-bracket-st","status":"publish","type":"page","link":"https:\/\/roxxlight.com\/fr\/omega-bracket-st\/","title":{"rendered":"Omega Bracket ST"},"content":{"rendered":"<p>[et_pb_section fb_built=\u00a0\u00bb1&Prime; _builder_version=\u00a0\u00bb4.16&Prime; _module_preset=\u00a0\u00bbdefault\u00a0\u00bb global_colors_info=\u00a0\u00bb{}\u00a0\u00bb][et_pb_row column_structure=\u00a0\u00bb2_5,3_5&Prime; _builder_version=\u00a0\u00bb4.16&Prime; custom_margin=\u00a0\u00bb-50px||||false|false\u00a0\u00bb locked=\u00a0\u00bboff\u00a0\u00bb global_colors_info=\u00a0\u00bb{}\u00a0\u00bb][et_pb_column type=\u00a0\u00bb2_5&Prime; _builder_version=\u00a0\u00bb4.16&Prime; background_color=\u00a0\u00bbrgba(0,0,0,0)\u00a0\u00bb global_colors_info=\u00a0\u00bb{}\u00a0\u00bb][et_pb_image src=\u00a0\u00bb\/\/d33howksrrrp7h.cloudfront.net\/wp-content\/uploads\/2022\/03\/ROXX-Blinder-Omega-Bracket-ST.jpg\u00a0\u00bb title_text=\u00a0\u00bbROXX-Blinder-Omega-Bracket-ST\u00a0\u00bb force_fullwidth=\u00a0\u00bbon\u00a0\u00bb _builder_version=\u00a0\u00bb4.17.6&Prime; animation_style=\u00a0\u00bbfade\u00a0\u00bb global_colors_info=\u00a0\u00bb{}\u00a0\u00bb][\/et_pb_image][\/et_pb_column][et_pb_column type=\u00a0\u00bb3_5&Prime; _builder_version=\u00a0\u00bb4.16&Prime; _module_preset=\u00a0\u00bbdefault\u00a0\u00bb global_colors_info=\u00a0\u00bb{}\u00a0\u00bb][et_pb_text _builder_version=\u00a0\u00bb4.27.4&Prime; text_font=\u00a0\u00bb|800|||||||\u00a0\u00bb text_font_size=\u00a0\u00bb18px\u00a0\u00bb header_font=\u00a0\u00bb|300|||||||\u00a0\u00bb header_text_color=\u00a0\u00bb#575756&Prime; header_font_size=\u00a0\u00bb22px\u00a0\u00bb header_2_font=\u00a0\u00bb|800|||||||\u00a0\u00bb header_2_text_color=\u00a0\u00bb#575756&Prime; header_2_font_size=\u00a0\u00bb18px\u00a0\u00bb header_font_size_tablet=\u00a0\u00bb\u00a0\u00bb header_font_size_phone=\u00a0\u00bb20px\u00a0\u00bb header_font_size_last_edited=\u00a0\u00bbon|phone\u00a0\u00bb locked=\u00a0\u00bboff\u00a0\u00bb global_colors_info=\u00a0\u00bb{}\u00a0\u00bb]<\/p>\n<h1><strong>Omega Bracket ST<br \/><\/strong><\/h1>\n<p>[\/et_pb_text][et_pb_text _builder_version=\u00a0\u00bb4.27.4&Prime; text_font=\u00a0\u00bb||||||||\u00a0\u00bb text_font_size=\u00a0\u00bb18px\u00a0\u00bb header_font=\u00a0\u00bb|800|||||||\u00a0\u00bb header_text_color=\u00a0\u00bb#575756&Prime; header_font_size=\u00a0\u00bb60px\u00a0\u00bb header_2_font=\u00a0\u00bb|700|||||||\u00a0\u00bb header_2_text_color=\u00a0\u00bb#575756&Prime; header_2_font_size=\u00a0\u00bb33px\u00a0\u00bb header_2_letter_spacing=\u00a0\u00bb3px\u00a0\u00bb text_font_size_tablet=\u00a0\u00bb\u00a0\u00bb text_font_size_phone=\u00a0\u00bb16px\u00a0\u00bb text_font_size_last_edited=\u00a0\u00bbon|phone\u00a0\u00bb global_colors_info=\u00a0\u00bb{}\u00a0\u00bb]<\/p>\n<p><strong>Caract\u00e9ristiques principales :<\/strong><\/p>\n<p>&nbsp;<\/p>\n<ul>\n<li><span class=\"TextRun Highlight SCXW120963603 BCX0\" lang=\"EN-GB\" data-contrast=\"none\"><span class=\"NormalTextRun SCXW120963603 BCX0\">Montage rapide et sans outil <\/span><\/span><span class=\"TextRun Highlight SCXW120963603 BCX0\" lang=\"EN-GB\" data-contrast=\"none\"><span class=\"NormalTextRun SCXW120963603 BCX0\">via des fixations \u00bc de tour<\/span><\/span><span class=\"EOP SCXW120963603 BCX0\" data-ccp-props=\"{\"134233279\":true}\"> <\/span><\/li>\n<li><span class=\"TextRun Highlight SCXW263928525 BCX0\" lang=\"EN-US\" data-contrast=\"none\"><span class=\"NormalTextRun SCXW263928525 BCX0\">Centre<\/span><\/span><span class=\"TextRun Highlight SCXW263928525 BCX0\" lang=\"EN-US\" data-contrast=\"none\"><span class=\"NormalTextRun SCXW263928525 BCX0\">al<\/span><\/span><span class=\"TextRun Highlight SCXW263928525 BCX0\" lang=\"EN-US\" data-contrast=\"none\"><span class=\"NormalTextRun SCXW263928525 BCX0\"> Trou de 13 mm <\/span><\/span><span class=\"TextRun Highlight SCXW263928525 BCX0\" lang=\"EN-US\" data-contrast=\"none\"><span class=\"NormalTextRun SCXW263928525 BCX0\">(1\/2&Prime;) <\/span><\/span><span class=\"TextRun Highlight SCXW263928525 BCX0\" lang=\"EN-US\" data-contrast=\"none\"><span class=\"NormalTextRun SCXW263928525 BCX0\">pour une connexion facile<\/span><\/span><span class=\"TextRun Highlight SCXW263928525 BCX0\" lang=\"EN-US\" data-contrast=\"none\"><span class=\"NormalTextRun SCXW263928525 BCX0\">aux pinces d&rsquo;amarrage<\/span><\/span><span class=\"TextRun Highlight SCXW263928525 BCX0\" lang=\"EN-US\" xml:lang=\"EN-US\" data-contrast=\"none\"><span class=\"NormalTextRun SCXW263928525 BCX0\"> <\/span><\/span><span class=\"EOP SCXW263928525 BCX0\" data-ccp-props=\"{\"134233279\":true}\"> <\/span><\/li>\n<li><span class=\"TextRun SCXW241400855 BCX0\" lang=\"EN-GB\" xml:lang=\"EN-GB\" data-contrast=\"auto\"><span class=\"NormalTextRun SCXW241400855 BCX0\">Convient \u00e0 tous les mod\u00e8les<\/span><\/span><\/li>\n<\/ul>\n<p>[\/et_pb_text][et_pb_tabs active_tab_background_color=\u00a0\u00bb#dba000&Prime; active_tab_text_color=\u00a0\u00bb#ffffff\u00a0\u00bb _builder_version=\u00a0\u00bb4.16&Prime; tab_text_color=\u00a0\u00bb#575756&Prime; width=\u00a0\u00bb100%\u00a0\u00bb module_alignment=\u00a0\u00bbleft\u00a0\u00bb locked=\u00a0\u00bboff\u00a0\u00bb global_colors_info=\u00a0\u00bb{}\u00a0\u00bb][et_pb_tab title=\u00a0\u00bbDonn\u00e9es techniques\u00a0\u00bb _builder_version=\u00a0\u00bb4.16&Prime; body_line_height=\u00a0\u00bb1.8em\u00a0\u00bb global_colors_info=\u00a0\u00bb{}\u00a0\u00bb]<\/p>\n<h5>Dimensions et poids<\/h5>\n<ul>\n<li>Mat\u00e9riau : m\u00e9tal avec boutons en plastique<\/li>\n<li>Dimensions nettes : 130x34x40 mm (l x h x p)<\/li>\n<li>Dimensions nettes en pouces : 5,11&#215;1,34x 1,57inches<\/li>\n<li>Poids net : 0,29kg (0,64 lbs)<\/li>\n<li>Diam\u00e8tre du trou central : 13 mm (1\/2&Prime;)<\/li>\n<\/ul>\n<h5>Inclus \/ Facultatif<\/h5>\n<ul>\n<li>Articles inclus : Omega Bracket ST<\/li>\n<\/ul>\n<p>[\/et_pb_tab][et_pb_tab title=\u00a0\u00bbLes m\u00e9dias\u00a0\u00bb _builder_version=\u00a0\u00bb4.16&Prime; global_colors_info=\u00a0\u00bb{}\u00a0\u00bb]<\/p>\n<p><a href=\"https:\/\/roxxlight.com\/wp-content\/uploads\/2020\/12\/201215_Roxx_OMEGA-Bracket_small.jpg\" target=\"_blank\" rel=\"noopener noreferrer\"><img loading=\"lazy\" decoding=\"async\" class=\"wp-image-5028 alignnone size-full\" src=\"https:\/\/roxxlight.com\/wp-content\/uploads\/2021\/02\/Icons-download.png\" alt=\"\" width=\"146\" height=\"146\" srcset=\"https:\/\/roxxlight.com\/wp-content\/uploads\/2021\/02\/Icons-download.png 195w, https:\/\/roxxlight.com\/wp-content\/uploads\/2021\/02\/Icons-download-150x150.png 150w\" sizes=\"(max-width: 146px) 100vw, 146px\" \/><br \/><\/a><\/p>\n<p class=\"p1\">T\u00e9l\u00e9charge les photos des produits ici !<\/p>\n<p>[\/et_pb_tab][\/et_pb_tabs][\/et_pb_column][\/et_pb_row][et_pb_row _builder_version=\u00a0\u00bb4.16&Prime; custom_margin=\u00a0\u00bb-27px||||false|false\u00a0\u00bb locked=\u00a0\u00bboff\u00a0\u00bb global_colors_info=\u00a0\u00bb{}\u00a0\u00bb][et_pb_column type=\u00a0\u00bb4_4&Prime; _builder_version=\u00a0\u00bb4.16&Prime; global_colors_info=\u00a0\u00bb{}\u00a0\u00bb][et_pb_divider divider_style=\u00a0\u00bbdotted\u00a0\u00bb divider_position=\u00a0\u00bbcenter\u00a0\u00bb divider_weight=\u00a0\u00bb2px\u00a0\u00bb _builder_version=\u00a0\u00bb4.16&Prime; global_colors_info=\u00a0\u00bb{}\u00a0\u00bb][\/et_pb_divider][\/et_pb_column][\/et_pb_row][\/et_pb_section][et_pb_section fb_built=\u00a0\u00bb1&Prime; _builder_version=\u00a0\u00bb4.27.4&Prime; _module_preset=\u00a0\u00bbdefault\u00a0\u00bb background_color=\u00a0\u00bb#000000&Prime; global_colors_info=\u00a0\u00bb{}\u00a0\u00bb global_module=\u00a0\u00bb22425&Prime; theme_builder_area=\u00a0\u00bbpost_content\u00a0\u00bb][et_pb_row _builder_version=\u00a0\u00bb4.16&Prime; custom_margin=\u00a0\u00bb-27px||||false|false\u00a0\u00bb locked=\u00a0\u00bboff\u00a0\u00bb global_colors_info=\u00a0\u00bb{}\u00a0\u00bb theme_builder_area=\u00a0\u00bbpost_content\u00a0\u00bb][et_pb_column type=\u00a0\u00bb4_4&Prime; _builder_version=\u00a0\u00bb4.16&Prime; global_colors_info=\u00a0\u00bb{}\u00a0\u00bb theme_builder_area=\u00a0\u00bbpost_content\u00a0\u00bb][et_pb_divider divider_style=\u00a0\u00bbdotted\u00a0\u00bb divider_position=\u00a0\u00bbcenter\u00a0\u00bb divider_weight=\u00a0\u00bb2px\u00a0\u00bb _builder_version=\u00a0\u00bb4.16&Prime; global_colors_info=\u00a0\u00bb{}\u00a0\u00bb theme_builder_area=\u00a0\u00bbpost_content\u00a0\u00bb][\/et_pb_divider][et_pb_divider show_divider=\u00a0\u00bboff\u00a0\u00bb _builder_version=\u00a0\u00bb4.27.4&Prime; global_colors_info=\u00a0\u00bb{}\u00a0\u00bb theme_builder_area=\u00a0\u00bbpost_content\u00a0\u00bb][\/et_pb_divider][\/et_pb_column][\/et_pb_row][et_pb_row _builder_version=\u00a0\u00bb4.21.0&Prime; _module_preset=\u00a0\u00bbdefault\u00a0\u00bb custom_margin=\u00a0\u00bb-50px||||false|false\u00a0\u00bb global_colors_info=\u00a0\u00bb{}\u00a0\u00bb theme_builder_area=\u00a0\u00bbpost_content\u00a0\u00bb][et_pb_column type=\u00a0\u00bb4_4&Prime; _builder_version=\u00a0\u00bb4.21.0&Prime; _module_preset=\u00a0\u00bbdefault\u00a0\u00bb global_colors_info=\u00a0\u00bb{}\u00a0\u00bb theme_builder_area=\u00a0\u00bbpost_content\u00a0\u00bb][et_pb_social_media_follow _builder_version=\u00a0\u00bb4.27.4&Prime; _module_preset=\u00a0\u00bbdefault\u00a0\u00bb text_orientation=\u00a0\u00bbcenter\u00a0\u00bb global_colors_info=\u00a0\u00bb{}\u00a0\u00bb theme_builder_area=\u00a0\u00bbpost_content\u00a0\u00bb][et_pb_social_media_follow_network social_network=\u00a0\u00bbfacebook\u00a0\u00bb url=\u00a0\u00bbhttps:\/\/www.facebook.com\/roxxlight\u00a0\u00bb _builder_version=\u00a0\u00bb4.27.4&Prime; _module_preset=\u00a0\u00bbdefault\u00a0\u00bb background_color=\u00a0\u00bb#DBA000&Prime; background_enable_color=\u00a0\u00bbon\u00a0\u00bb global_colors_info=\u00a0\u00bb{}\u00a0\u00bb theme_builder_area=\u00a0\u00bbpost_content\u00a0\u00bb follow_button=\u00a0\u00bboff\u00a0\u00bb url_new_window=\u00a0\u00bbon\u00a0\u00bb]facebook[\/et_pb_social_media_follow_network][et_pb_social_media_follow_network social_network=\u00a0\u00bbinstagram\u00a0\u00bb url=\u00a0\u00bbhttps:\/\/www.instagram.com\/roxx.light\/\u00a0\u00bb _builder_version=\u00a0\u00bb4.27.4&Prime; _module_preset=\u00a0\u00bbdefault\u00a0\u00bb background_color=\u00a0\u00bb#DBA000&Prime; background_enable_color=\u00a0\u00bbon\u00a0\u00bb global_colors_info=\u00a0\u00bb{}\u00a0\u00bb theme_builder_area=\u00a0\u00bbpost_content\u00a0\u00bb follow_button=\u00a0\u00bboff\u00a0\u00bb url_new_window=\u00a0\u00bbon\u00a0\u00bb]instagram[\/et_pb_social_media_follow_network][et_pb_social_media_follow_network social_network=\u00a0\u00bblinkedin\u00a0\u00bb url=\u00a0\u00bbhttps:\/\/www.linkedin.com\/company\/roxx-gmbh\/\u00a0\u00bb _builder_version=\u00a0\u00bb4.27.4&Prime; _module_preset=\u00a0\u00bbdefault\u00a0\u00bb background_color=\u00a0\u00bb#DBA000&Prime; background_enable_color=\u00a0\u00bbon\u00a0\u00bb global_colors_info=\u00a0\u00bb{}\u00a0\u00bb theme_builder_area=\u00a0\u00bbpost_content\u00a0\u00bb follow_button=\u00a0\u00bboff\u00a0\u00bb url_new_window=\u00a0\u00bbon\u00a0\u00bb]linkedin[\/et_pb_social_media_follow_network][et_pb_social_media_follow_network social_network=\u00a0\u00bbtiktok\u00a0\u00bb url=\u00a0\u00bbhttps:\/\/www.tiktok.com\/@roxx.light\u00a0\u00bb _builder_version=\u00a0\u00bb4.27.4&Prime; _module_preset=\u00a0\u00bbdefault\u00a0\u00bb background_color=\u00a0\u00bb#DBA000&Prime; background_enable_color=\u00a0\u00bbon\u00a0\u00bb global_colors_info=\u00a0\u00bb{}\u00a0\u00bb theme_builder_area=\u00a0\u00bbpost_content\u00a0\u00bb follow_button=\u00a0\u00bboff\u00a0\u00bb url_new_window=\u00a0\u00bbon\u00a0\u00bb]tiktok[\/et_pb_social_media_follow_network][et_pb_social_media_follow_network social_network=\u00a0\u00bbyoutube\u00a0\u00bb url=\u00a0\u00bbhttps:\/\/www.youtube.com\/channel\/UCIRbvI-NN1hUxiq-94P5Tdw\u00a0\u00bb _builder_version=\u00a0\u00bb4.27.4&Prime; _module_preset=\u00a0\u00bbdefault\u00a0\u00bb background_color=\u00a0\u00bb#DBA000&Prime; background_enable_color=\u00a0\u00bbon\u00a0\u00bb global_colors_info=\u00a0\u00bb{}\u00a0\u00bb theme_builder_area=\u00a0\u00bbpost_content\u00a0\u00bb follow_button=\u00a0\u00bboff\u00a0\u00bb url_new_window=\u00a0\u00bbon\u00a0\u00bb]youtube[\/et_pb_social_media_follow_network][\/et_pb_social_media_follow][\/et_pb_column][\/et_pb_row][\/et_pb_section]<\/p>\n","protected":false},"excerpt":{"rendered":"<p>Omega Bracket STCaract\u00e9ristiques principales : &nbsp; Montage rapide et sans outil via des fixations \u00bc de tour Centreal Trou de 13 mm (1\/2&Prime;) pour une connexion facileaux pinces d&rsquo;amarrage Convient \u00e0 tous les mod\u00e8les Dimensions et poids Mat\u00e9riau : m\u00e9tal avec boutons en plastique Dimensions nettes : 130x34x40 mm (l x h x p) Dimensions [&hellip;]<\/p>\n","protected":false},"author":1,"featured_media":0,"parent":0,"menu_order":0,"comment_status":"closed","ping_status":"closed","template":"","meta":{"_et_pb_use_builder":"on","_et_pb_old_content":"","_et_gb_content_width":"","footnotes":""},"class_list":["post-36617","page","type-page","status-publish","hentry"],"yoast_head":"<!-- This site is optimized with the Yoast SEO plugin v27.1.1 - https:\/\/yoast.com\/product\/yoast-seo-wordpress\/ -->\n<title>Omega Bracket ST - Roxxlight<\/title>\n<meta name=\"robots\" content=\"index, follow, max-snippet:-1, max-image-preview:large, max-video-preview:-1\" \/>\n<link rel=\"canonical\" href=\"https:\/\/roxxlight.com\/omega-bracket-st\/\" \/>\n<meta property=\"og:locale\" content=\"fr_FR\" \/>\n<meta property=\"og:type\" content=\"article\" \/>\n<meta property=\"og:title\" content=\"Omega Bracket ST - Roxxlight\" \/>\n<meta property=\"og:description\" content=\"Omega Bracket STCaract\u00e9ristiques principales : &nbsp; Montage rapide et sans outil via des fixations \u00bc de tour Centreal Trou de 13 mm (1\/2&quot;) pour une connexion facileaux pinces d&#039;amarrage Convient \u00e0 tous les mod\u00e8les Dimensions et poids Mat\u00e9riau : m\u00e9tal avec boutons en plastique Dimensions nettes : 130x34x40 mm (l x h x p) Dimensions [&hellip;]\" \/>\n<meta property=\"og:url\" content=\"https:\/\/roxxlight.com\/omega-bracket-st\/\" \/>\n<meta property=\"og:site_name\" content=\"Roxxlight\" \/>\n<meta property=\"article:publisher\" content=\"https:\/\/www.facebook.com\/roxxlight\" \/>\n<meta property=\"article:modified_time\" content=\"2025-07-11T12:10:11+00:00\" \/>\n<meta property=\"og:image\" content=\"https:\/\/roxxlight.com\/wp-content\/uploads\/2021\/02\/Icons-download.png\" \/>\n<meta name=\"twitter:card\" content=\"summary_large_image\" \/>\n<meta name=\"twitter:label1\" content=\"Dur\u00e9e de lecture estim\u00e9e\" \/>\n\t<meta name=\"twitter:data1\" content=\"4 minutes\" \/>\n<script type=\"application\/ld+json\" class=\"yoast-schema-graph\">{\"@context\":\"https:\/\/schema.org\",\"@graph\":[{\"@type\":\"WebPage\",\"@id\":\"https:\/\/roxxlight.com\/omega-bracket-st\/\",\"url\":\"https:\/\/roxxlight.com\/omega-bracket-st\/\",\"name\":\"Omega Bracket ST - Roxxlight\",\"isPartOf\":{\"@id\":\"https:\/\/roxxlight.com\/de\/#website\"},\"primaryImageOfPage\":{\"@id\":\"https:\/\/roxxlight.com\/omega-bracket-st\/#primaryimage\"},\"image\":{\"@id\":\"https:\/\/roxxlight.com\/omega-bracket-st\/#primaryimage\"},\"thumbnailUrl\":\"https:\/\/roxxlight.com\/wp-content\/uploads\/2021\/02\/Icons-download.png\",\"datePublished\":\"2025-03-31T12:12:53+00:00\",\"dateModified\":\"2025-07-11T12:10:11+00:00\",\"breadcrumb\":{\"@id\":\"https:\/\/roxxlight.com\/omega-bracket-st\/#breadcrumb\"},\"inLanguage\":\"fr-FR\",\"potentialAction\":[{\"@type\":\"ReadAction\",\"target\":[\"https:\/\/roxxlight.com\/omega-bracket-st\/\"]}]},{\"@type\":\"ImageObject\",\"inLanguage\":\"fr-FR\",\"@id\":\"https:\/\/roxxlight.com\/omega-bracket-st\/#primaryimage\",\"url\":\"https:\/\/roxxlight.com\/wp-content\/uploads\/2021\/02\/Icons-download.png\",\"contentUrl\":\"https:\/\/roxxlight.com\/wp-content\/uploads\/2021\/02\/Icons-download.png\"},{\"@type\":\"BreadcrumbList\",\"@id\":\"https:\/\/roxxlight.com\/omega-bracket-st\/#breadcrumb\",\"itemListElement\":[{\"@type\":\"ListItem\",\"position\":1,\"name\":\"Startseite\",\"item\":\"https:\/\/roxxlight.com\/\"},{\"@type\":\"ListItem\",\"position\":2,\"name\":\"Omega Bracket ST\"}]},{\"@type\":\"WebSite\",\"@id\":\"https:\/\/roxxlight.com\/de\/#website\",\"url\":\"https:\/\/roxxlight.com\/de\/\",\"name\":\"Roxxlight\",\"description\":\"\",\"publisher\":{\"@id\":\"https:\/\/roxxlight.com\/de\/#organization\"},\"potentialAction\":[{\"@type\":\"SearchAction\",\"target\":{\"@type\":\"EntryPoint\",\"urlTemplate\":\"https:\/\/roxxlight.com\/de\/?s={search_term_string}\"},\"query-input\":{\"@type\":\"PropertyValueSpecification\",\"valueRequired\":true,\"valueName\":\"search_term_string\"}}],\"inLanguage\":\"fr-FR\"},{\"@type\":\"Organization\",\"@id\":\"https:\/\/roxxlight.com\/de\/#organization\",\"name\":\"Roxxlight\",\"url\":\"https:\/\/roxxlight.com\/de\/\",\"logo\":{\"@type\":\"ImageObject\",\"inLanguage\":\"fr-FR\",\"@id\":\"https:\/\/roxxlight.com\/de\/#\/schema\/logo\/image\/\",\"url\":\"https:\/\/roxxlight.com\/wp-content\/uploads\/2024\/04\/Logo-ROXX_Newsletter-black.png\",\"contentUrl\":\"https:\/\/roxxlight.com\/wp-content\/uploads\/2024\/04\/Logo-ROXX_Newsletter-black.png\",\"width\":600,\"height\":114,\"caption\":\"Roxxlight\"},\"image\":{\"@id\":\"https:\/\/roxxlight.com\/de\/#\/schema\/logo\/image\/\"},\"sameAs\":[\"https:\/\/www.facebook.com\/roxxlight\",\"https:\/\/www.instagram.com\/roxx.light\/\"]}]}<\/script>\n<!-- \/ Yoast SEO plugin. -->","yoast_head_json":{"title":"Omega Bracket ST - Roxxlight","robots":{"index":"index","follow":"follow","max-snippet":"max-snippet:-1","max-image-preview":"max-image-preview:large","max-video-preview":"max-video-preview:-1"},"canonical":"https:\/\/roxxlight.com\/omega-bracket-st\/","og_locale":"fr_FR","og_type":"article","og_title":"Omega Bracket ST - Roxxlight","og_description":"Omega Bracket STCaract\u00e9ristiques principales : &nbsp; Montage rapide et sans outil via des fixations \u00bc de tour Centreal Trou de 13 mm (1\/2\") pour une connexion facileaux pinces d'amarrage Convient \u00e0 tous les mod\u00e8les Dimensions et poids Mat\u00e9riau : m\u00e9tal avec boutons en plastique Dimensions nettes : 130x34x40 mm (l x h x p) Dimensions [&hellip;]","og_url":"https:\/\/roxxlight.com\/omega-bracket-st\/","og_site_name":"Roxxlight","article_publisher":"https:\/\/www.facebook.com\/roxxlight","article_modified_time":"2025-07-11T12:10:11+00:00","og_image":[{"url":"https:\/\/roxxlight.com\/wp-content\/uploads\/2021\/02\/Icons-download.png","type":"","width":"","height":""}],"twitter_card":"summary_large_image","twitter_misc":{"Dur\u00e9e de lecture estim\u00e9e":"4 minutes"},"schema":{"@context":"https:\/\/schema.org","@graph":[{"@type":"WebPage","@id":"https:\/\/roxxlight.com\/omega-bracket-st\/","url":"https:\/\/roxxlight.com\/omega-bracket-st\/","name":"Omega Bracket ST - Roxxlight","isPartOf":{"@id":"https:\/\/roxxlight.com\/de\/#website"},"primaryImageOfPage":{"@id":"https:\/\/roxxlight.com\/omega-bracket-st\/#primaryimage"},"image":{"@id":"https:\/\/roxxlight.com\/omega-bracket-st\/#primaryimage"},"thumbnailUrl":"https:\/\/roxxlight.com\/wp-content\/uploads\/2021\/02\/Icons-download.png","datePublished":"2025-03-31T12:12:53+00:00","dateModified":"2025-07-11T12:10:11+00:00","breadcrumb":{"@id":"https:\/\/roxxlight.com\/omega-bracket-st\/#breadcrumb"},"inLanguage":"fr-FR","potentialAction":[{"@type":"ReadAction","target":["https:\/\/roxxlight.com\/omega-bracket-st\/"]}]},{"@type":"ImageObject","inLanguage":"fr-FR","@id":"https:\/\/roxxlight.com\/omega-bracket-st\/#primaryimage","url":"https:\/\/roxxlight.com\/wp-content\/uploads\/2021\/02\/Icons-download.png","contentUrl":"https:\/\/roxxlight.com\/wp-content\/uploads\/2021\/02\/Icons-download.png"},{"@type":"BreadcrumbList","@id":"https:\/\/roxxlight.com\/omega-bracket-st\/#breadcrumb","itemListElement":[{"@type":"ListItem","position":1,"name":"Startseite","item":"https:\/\/roxxlight.com\/"},{"@type":"ListItem","position":2,"name":"Omega Bracket ST"}]},{"@type":"WebSite","@id":"https:\/\/roxxlight.com\/de\/#website","url":"https:\/\/roxxlight.com\/de\/","name":"Roxxlight","description":"","publisher":{"@id":"https:\/\/roxxlight.com\/de\/#organization"},"potentialAction":[{"@type":"SearchAction","target":{"@type":"EntryPoint","urlTemplate":"https:\/\/roxxlight.com\/de\/?s={search_term_string}"},"query-input":{"@type":"PropertyValueSpecification","valueRequired":true,"valueName":"search_term_string"}}],"inLanguage":"fr-FR"},{"@type":"Organization","@id":"https:\/\/roxxlight.com\/de\/#organization","name":"Roxxlight","url":"https:\/\/roxxlight.com\/de\/","logo":{"@type":"ImageObject","inLanguage":"fr-FR","@id":"https:\/\/roxxlight.com\/de\/#\/schema\/logo\/image\/","url":"https:\/\/roxxlight.com\/wp-content\/uploads\/2024\/04\/Logo-ROXX_Newsletter-black.png","contentUrl":"https:\/\/roxxlight.com\/wp-content\/uploads\/2024\/04\/Logo-ROXX_Newsletter-black.png","width":600,"height":114,"caption":"Roxxlight"},"image":{"@id":"https:\/\/roxxlight.com\/de\/#\/schema\/logo\/image\/"},"sameAs":["https:\/\/www.facebook.com\/roxxlight","https:\/\/www.instagram.com\/roxx.light\/"]}]}},"_links":{"self":[{"href":"https:\/\/roxxlight.com\/fr\/wp-json\/wp\/v2\/pages\/36617","targetHints":{"allow":["GET"]}}],"collection":[{"href":"https:\/\/roxxlight.com\/fr\/wp-json\/wp\/v2\/pages"}],"about":[{"href":"https:\/\/roxxlight.com\/fr\/wp-json\/wp\/v2\/types\/page"}],"author":[{"embeddable":true,"href":"https:\/\/roxxlight.com\/fr\/wp-json\/wp\/v2\/users\/1"}],"replies":[{"embeddable":true,"href":"https:\/\/roxxlight.com\/fr\/wp-json\/wp\/v2\/comments?post=36617"}],"version-history":[{"count":17,"href":"https:\/\/roxxlight.com\/fr\/wp-json\/wp\/v2\/pages\/36617\/revisions"}],"predecessor-version":[{"id":45254,"href":"https:\/\/roxxlight.com\/fr\/wp-json\/wp\/v2\/pages\/36617\/revisions\/45254"}],"wp:attachment":[{"href":"https:\/\/roxxlight.com\/fr\/wp-json\/wp\/v2\/media?parent=36617"}],"curies":[{"name":"wp","href":"https:\/\/api.w.org\/{rel}","templated":true}]}}