{"id":36644,"date":"2025-03-31T14:13:05","date_gmt":"2025-03-31T12:13:05","guid":{"rendered":"https:\/\/roxxlight.com\/extension-du-plancher\/"},"modified":"2025-07-11T10:26:08","modified_gmt":"2025-07-11T08:26:08","slug":"extension-du-plancher","status":"publish","type":"page","link":"https:\/\/roxxlight.com\/fr\/extension-du-plancher\/","title":{"rendered":"Floor Extension"},"content":{"rendered":"<p>[et_pb_section fb_built=\u00a0\u00bb1&Prime; _builder_version=\u00a0\u00bb4.16&Prime; _module_preset=\u00a0\u00bbdefault\u00a0\u00bb global_colors_info=\u00a0\u00bb{}\u00a0\u00bb][et_pb_row column_structure=\u00a0\u00bb2_5,3_5&Prime; _builder_version=\u00a0\u00bb4.16&Prime; custom_margin=\u00a0\u00bb-50px||||false|false\u00a0\u00bb locked=\u00a0\u00bboff\u00a0\u00bb global_colors_info=\u00a0\u00bb{}\u00a0\u00bb][et_pb_column type=\u00a0\u00bb2_5&Prime; _builder_version=\u00a0\u00bb4.16&Prime; background_color=\u00a0\u00bbrgba(0,0,0,0)\u00a0\u00bb global_colors_info=\u00a0\u00bb{}\u00a0\u00bb][et_pb_image src=\u00a0\u00bb\/\/d33howksrrrp7h.cloudfront.net\/wp-content\/uploads\/2022\/03\/ROXX-Blinder-Floor-Extension.jpg\u00a0\u00bb title_text=\u00a0\u00bbROXX-Blinder-Floor-Extension\u00a0\u00bb _builder_version=\u00a0\u00bb4.17.6&Prime; width=\u00a0\u00bb80%\u00a0\u00bb animation_style=\u00a0\u00bbfade\u00a0\u00bb global_colors_info=\u00a0\u00bb{}\u00a0\u00bb][\/et_pb_image][\/et_pb_column][et_pb_column type=\u00a0\u00bb3_5&Prime; _builder_version=\u00a0\u00bb4.16&Prime; _module_preset=\u00a0\u00bbdefault\u00a0\u00bb global_colors_info=\u00a0\u00bb{}\u00a0\u00bb][et_pb_text _builder_version=\u00a0\u00bb4.25.1&Prime; text_font=\u00a0\u00bb|800|||||||\u00a0\u00bb text_font_size=\u00a0\u00bb18px\u00a0\u00bb header_font=\u00a0\u00bb|300|||||||\u00a0\u00bb header_text_color=\u00a0\u00bb#575756&Prime; header_font_size=\u00a0\u00bb22px\u00a0\u00bb header_2_font=\u00a0\u00bb|800|||||||\u00a0\u00bb header_2_text_color=\u00a0\u00bb#575756&Prime; header_2_font_size=\u00a0\u00bb18px\u00a0\u00bb header_font_size_tablet=\u00a0\u00bb\u00a0\u00bb header_font_size_phone=\u00a0\u00bb20px\u00a0\u00bb header_font_size_last_edited=\u00a0\u00bbon|phone\u00a0\u00bb locked=\u00a0\u00bboff\u00a0\u00bb global_colors_info=\u00a0\u00bb{}\u00a0\u00bb]<\/p>\n<h1><strong>ROXX <\/strong>| Floor Extension<\/h1>\n<p>[\/et_pb_text][et_pb_text _builder_version=\u00a0\u00bb4.25.1&Prime; text_font=\u00a0\u00bb||||||||\u00a0\u00bb text_font_size=\u00a0\u00bb18px\u00a0\u00bb header_font=\u00a0\u00bb|800|||||||\u00a0\u00bb header_text_color=\u00a0\u00bb#575756&Prime; header_font_size=\u00a0\u00bb60px\u00a0\u00bb header_2_font=\u00a0\u00bb|700|||||||\u00a0\u00bb header_2_text_color=\u00a0\u00bb#575756&Prime; header_2_font_size=\u00a0\u00bb33px\u00a0\u00bb header_2_letter_spacing=\u00a0\u00bb3px\u00a0\u00bb text_font_size_tablet=\u00a0\u00bb\u00a0\u00bb text_font_size_phone=\u00a0\u00bb16px\u00a0\u00bb text_font_size_last_edited=\u00a0\u00bbon|phone\u00a0\u00bb global_colors_info=\u00a0\u00bb{}\u00a0\u00bb]<\/p>\n<p>L&rsquo;extension ROXX FLOOR EXTENSION peut \u00eatre facilement fix\u00e9e \u00e0 tous les CLUSTER et E.SHOW maxx yokes et permet \u00e0 tous les luminaires d&rsquo;\u00eatre utilis\u00e9s dans des applications au sol. Gr\u00e2ce \u00e0 ses pieds en caoutchouc int\u00e9gr\u00e9s, elle est con\u00e7ue pour assurer un maintien s\u00fbr sur toutes les surfaces planes, quel que soit l&rsquo;angle ou l&rsquo;orientation de la t\u00eate du luminaire. <\/p>\n<p><strong>Caract\u00e9ristiques principales :<\/strong><\/p>\n<ul>\n<li>Cr\u00e9er des structures verticales en rang\u00e9es simples ou doubles sur l&rsquo;application au sol.<\/li>\n<li>Fixation facile \u00e0 tous les CLUSTER et E.SHOW maxx yokes<\/li>\n<\/ul>\n<p>[\/et_pb_text][et_pb_tabs active_tab_background_color=\u00a0\u00bb#dba000&Prime; active_tab_text_color=\u00a0\u00bb#ffffff\u00a0\u00bb _builder_version=\u00a0\u00bb4.17.6&Prime; tab_text_color=\u00a0\u00bb#575756&Prime; width=\u00a0\u00bb100%\u00a0\u00bb module_alignment=\u00a0\u00bbleft\u00a0\u00bb locked=\u00a0\u00bboff\u00a0\u00bb global_colors_info=\u00a0\u00bb{}\u00a0\u00bb][et_pb_tab title=\u00a0\u00bbDonn\u00e9es techniques\u00a0\u00bb _builder_version=\u00a0\u00bb4.17.6&Prime; body_line_height=\u00a0\u00bb1.8em\u00a0\u00bb global_colors_info=\u00a0\u00bb{}\u00a0\u00bb]<\/p>\n<h5>Dimensions et poids<\/h5>\n<ul>\n<li>Mat\u00e9riau : m\u00e9tal<\/li>\n<li>Dimensions nettes : 320x11x250 mm (l x h x p)<\/li>\n<li>Dimensions nettes en pouces : 12,59&#215;0,43&#215;9,84 pouces (l x h x p)<\/li>\n<li>Poids net : 1,8kg (3,97 lbs)<\/li>\n<\/ul>\n<h5>Inclus \/ Facultatif<\/h5>\n<ul>\n<li>Y compris 2x vis M8 Allan pour la fixation de l&rsquo;\u00e9trier.<\/li>\n<\/ul>\n<p>[\/et_pb_tab][et_pb_tab title=\u00a0\u00bbLes m\u00e9dias\u00a0\u00bb _builder_version=\u00a0\u00bb4.17.6&Prime; global_colors_info=\u00a0\u00bb{}\u00a0\u00bb]<\/p>\n<p><a href=\"https:\/\/roxxlight.com\/wp-content\/uploads\/2022\/03\/ROXX-Blinder-Floor-Extension.jpg\" target=\"_blank\" rel=\"noopener noreferrer\"><img loading=\"lazy\" decoding=\"async\" class=\"wp-image-5028 alignnone size-full\" src=\"https:\/\/roxxlight.com\/wp-content\/uploads\/2021\/02\/Icons-download.png\" alt=\"\" width=\"146\" height=\"146\" srcset=\"https:\/\/roxxlight.com\/wp-content\/uploads\/2021\/02\/Icons-download.png 195w, https:\/\/roxxlight.com\/wp-content\/uploads\/2021\/02\/Icons-download-150x150.png 150w\" sizes=\"(max-width: 146px) 100vw, 146px\" \/><br \/><\/a><\/p>\n<p class=\"p1\">T\u00e9l\u00e9charge les photos des produits ici !<\/p>\n<p>[\/et_pb_tab][\/et_pb_tabs][\/et_pb_column][\/et_pb_row][\/et_pb_section]<\/p>\n","protected":false},"excerpt":{"rendered":"<p>ROXX | Floor ExtensionL&rsquo;extension ROXX FLOOR EXTENSION peut \u00eatre facilement fix\u00e9e \u00e0 tous les CLUSTER et E.SHOW maxx yokes et permet \u00e0 tous les luminaires d&rsquo;\u00eatre utilis\u00e9s dans des applications au sol. Gr\u00e2ce \u00e0 ses pieds en caoutchouc int\u00e9gr\u00e9s, elle est con\u00e7ue pour assurer un maintien s\u00fbr sur toutes les surfaces planes, quel que soit [&hellip;]<\/p>\n","protected":false},"author":1,"featured_media":0,"parent":0,"menu_order":0,"comment_status":"closed","ping_status":"closed","template":"","meta":{"_et_pb_use_builder":"on","_et_pb_old_content":"","_et_gb_content_width":"","footnotes":""},"class_list":["post-36644","page","type-page","status-publish","hentry"],"yoast_head":"<!-- This site is optimized with the Yoast SEO plugin v27.1.1 - https:\/\/yoast.com\/product\/yoast-seo-wordpress\/ -->\n<title>Floor Extension - Roxxlight<\/title>\n<meta name=\"robots\" content=\"index, follow, max-snippet:-1, max-image-preview:large, max-video-preview:-1\" \/>\n<link rel=\"canonical\" href=\"https:\/\/roxxlight.com\/floor-extension\/\" \/>\n<meta property=\"og:locale\" content=\"fr_FR\" \/>\n<meta property=\"og:type\" content=\"article\" \/>\n<meta property=\"og:title\" content=\"Floor Extension - Roxxlight\" \/>\n<meta property=\"og:description\" content=\"ROXX | Floor ExtensionL&#039;extension ROXX FLOOR EXTENSION peut \u00eatre facilement fix\u00e9e \u00e0 tous les CLUSTER et E.SHOW maxx yokes et permet \u00e0 tous les luminaires d&#039;\u00eatre utilis\u00e9s dans des applications au sol. Gr\u00e2ce \u00e0 ses pieds en caoutchouc int\u00e9gr\u00e9s, elle est con\u00e7ue pour assurer un maintien s\u00fbr sur toutes les surfaces planes, quel que soit [&hellip;]\" \/>\n<meta property=\"og:url\" content=\"https:\/\/roxxlight.com\/floor-extension\/\" \/>\n<meta property=\"og:site_name\" content=\"Roxxlight\" \/>\n<meta property=\"article:publisher\" content=\"https:\/\/www.facebook.com\/roxxlight\" \/>\n<meta property=\"article:modified_time\" content=\"2025-07-11T08:26:08+00:00\" \/>\n<meta property=\"og:image\" content=\"https:\/\/roxxlight.com\/wp-content\/uploads\/2021\/02\/Icons-download.png\" \/>\n<meta name=\"twitter:card\" content=\"summary_large_image\" \/>\n<meta name=\"twitter:label1\" content=\"Dur\u00e9e de lecture estim\u00e9e\" \/>\n\t<meta name=\"twitter:data1\" content=\"2 minutes\" \/>\n<script type=\"application\/ld+json\" class=\"yoast-schema-graph\">{\"@context\":\"https:\/\/schema.org\",\"@graph\":[{\"@type\":\"WebPage\",\"@id\":\"https:\/\/roxxlight.com\/floor-extension\/\",\"url\":\"https:\/\/roxxlight.com\/floor-extension\/\",\"name\":\"Floor Extension - Roxxlight\",\"isPartOf\":{\"@id\":\"https:\/\/roxxlight.com\/de\/#website\"},\"primaryImageOfPage\":{\"@id\":\"https:\/\/roxxlight.com\/floor-extension\/#primaryimage\"},\"image\":{\"@id\":\"https:\/\/roxxlight.com\/floor-extension\/#primaryimage\"},\"thumbnailUrl\":\"https:\/\/roxxlight.com\/wp-content\/uploads\/2021\/02\/Icons-download.png\",\"datePublished\":\"2025-03-31T12:13:05+00:00\",\"dateModified\":\"2025-07-11T08:26:08+00:00\",\"breadcrumb\":{\"@id\":\"https:\/\/roxxlight.com\/floor-extension\/#breadcrumb\"},\"inLanguage\":\"fr-FR\",\"potentialAction\":[{\"@type\":\"ReadAction\",\"target\":[\"https:\/\/roxxlight.com\/floor-extension\/\"]}]},{\"@type\":\"ImageObject\",\"inLanguage\":\"fr-FR\",\"@id\":\"https:\/\/roxxlight.com\/floor-extension\/#primaryimage\",\"url\":\"https:\/\/roxxlight.com\/wp-content\/uploads\/2021\/02\/Icons-download.png\",\"contentUrl\":\"https:\/\/roxxlight.com\/wp-content\/uploads\/2021\/02\/Icons-download.png\"},{\"@type\":\"BreadcrumbList\",\"@id\":\"https:\/\/roxxlight.com\/floor-extension\/#breadcrumb\",\"itemListElement\":[{\"@type\":\"ListItem\",\"position\":1,\"name\":\"Startseite\",\"item\":\"https:\/\/roxxlight.com\/\"},{\"@type\":\"ListItem\",\"position\":2,\"name\":\"Floor Extension\"}]},{\"@type\":\"WebSite\",\"@id\":\"https:\/\/roxxlight.com\/de\/#website\",\"url\":\"https:\/\/roxxlight.com\/de\/\",\"name\":\"Roxxlight\",\"description\":\"\",\"publisher\":{\"@id\":\"https:\/\/roxxlight.com\/de\/#organization\"},\"potentialAction\":[{\"@type\":\"SearchAction\",\"target\":{\"@type\":\"EntryPoint\",\"urlTemplate\":\"https:\/\/roxxlight.com\/de\/?s={search_term_string}\"},\"query-input\":{\"@type\":\"PropertyValueSpecification\",\"valueRequired\":true,\"valueName\":\"search_term_string\"}}],\"inLanguage\":\"fr-FR\"},{\"@type\":\"Organization\",\"@id\":\"https:\/\/roxxlight.com\/de\/#organization\",\"name\":\"Roxxlight\",\"url\":\"https:\/\/roxxlight.com\/de\/\",\"logo\":{\"@type\":\"ImageObject\",\"inLanguage\":\"fr-FR\",\"@id\":\"https:\/\/roxxlight.com\/de\/#\/schema\/logo\/image\/\",\"url\":\"https:\/\/roxxlight.com\/wp-content\/uploads\/2024\/04\/Logo-ROXX_Newsletter-black.png\",\"contentUrl\":\"https:\/\/roxxlight.com\/wp-content\/uploads\/2024\/04\/Logo-ROXX_Newsletter-black.png\",\"width\":600,\"height\":114,\"caption\":\"Roxxlight\"},\"image\":{\"@id\":\"https:\/\/roxxlight.com\/de\/#\/schema\/logo\/image\/\"},\"sameAs\":[\"https:\/\/www.facebook.com\/roxxlight\",\"https:\/\/www.instagram.com\/roxx.light\/\"]}]}<\/script>\n<!-- \/ Yoast SEO plugin. -->","yoast_head_json":{"title":"Floor Extension - Roxxlight","robots":{"index":"index","follow":"follow","max-snippet":"max-snippet:-1","max-image-preview":"max-image-preview:large","max-video-preview":"max-video-preview:-1"},"canonical":"https:\/\/roxxlight.com\/floor-extension\/","og_locale":"fr_FR","og_type":"article","og_title":"Floor Extension - Roxxlight","og_description":"ROXX | Floor ExtensionL'extension ROXX FLOOR EXTENSION peut \u00eatre facilement fix\u00e9e \u00e0 tous les CLUSTER et E.SHOW maxx yokes et permet \u00e0 tous les luminaires d'\u00eatre utilis\u00e9s dans des applications au sol. Gr\u00e2ce \u00e0 ses pieds en caoutchouc int\u00e9gr\u00e9s, elle est con\u00e7ue pour assurer un maintien s\u00fbr sur toutes les surfaces planes, quel que soit [&hellip;]","og_url":"https:\/\/roxxlight.com\/floor-extension\/","og_site_name":"Roxxlight","article_publisher":"https:\/\/www.facebook.com\/roxxlight","article_modified_time":"2025-07-11T08:26:08+00:00","og_image":[{"url":"https:\/\/roxxlight.com\/wp-content\/uploads\/2021\/02\/Icons-download.png","type":"","width":"","height":""}],"twitter_card":"summary_large_image","twitter_misc":{"Dur\u00e9e de lecture estim\u00e9e":"2 minutes"},"schema":{"@context":"https:\/\/schema.org","@graph":[{"@type":"WebPage","@id":"https:\/\/roxxlight.com\/floor-extension\/","url":"https:\/\/roxxlight.com\/floor-extension\/","name":"Floor Extension - Roxxlight","isPartOf":{"@id":"https:\/\/roxxlight.com\/de\/#website"},"primaryImageOfPage":{"@id":"https:\/\/roxxlight.com\/floor-extension\/#primaryimage"},"image":{"@id":"https:\/\/roxxlight.com\/floor-extension\/#primaryimage"},"thumbnailUrl":"https:\/\/roxxlight.com\/wp-content\/uploads\/2021\/02\/Icons-download.png","datePublished":"2025-03-31T12:13:05+00:00","dateModified":"2025-07-11T08:26:08+00:00","breadcrumb":{"@id":"https:\/\/roxxlight.com\/floor-extension\/#breadcrumb"},"inLanguage":"fr-FR","potentialAction":[{"@type":"ReadAction","target":["https:\/\/roxxlight.com\/floor-extension\/"]}]},{"@type":"ImageObject","inLanguage":"fr-FR","@id":"https:\/\/roxxlight.com\/floor-extension\/#primaryimage","url":"https:\/\/roxxlight.com\/wp-content\/uploads\/2021\/02\/Icons-download.png","contentUrl":"https:\/\/roxxlight.com\/wp-content\/uploads\/2021\/02\/Icons-download.png"},{"@type":"BreadcrumbList","@id":"https:\/\/roxxlight.com\/floor-extension\/#breadcrumb","itemListElement":[{"@type":"ListItem","position":1,"name":"Startseite","item":"https:\/\/roxxlight.com\/"},{"@type":"ListItem","position":2,"name":"Floor Extension"}]},{"@type":"WebSite","@id":"https:\/\/roxxlight.com\/de\/#website","url":"https:\/\/roxxlight.com\/de\/","name":"Roxxlight","description":"","publisher":{"@id":"https:\/\/roxxlight.com\/de\/#organization"},"potentialAction":[{"@type":"SearchAction","target":{"@type":"EntryPoint","urlTemplate":"https:\/\/roxxlight.com\/de\/?s={search_term_string}"},"query-input":{"@type":"PropertyValueSpecification","valueRequired":true,"valueName":"search_term_string"}}],"inLanguage":"fr-FR"},{"@type":"Organization","@id":"https:\/\/roxxlight.com\/de\/#organization","name":"Roxxlight","url":"https:\/\/roxxlight.com\/de\/","logo":{"@type":"ImageObject","inLanguage":"fr-FR","@id":"https:\/\/roxxlight.com\/de\/#\/schema\/logo\/image\/","url":"https:\/\/roxxlight.com\/wp-content\/uploads\/2024\/04\/Logo-ROXX_Newsletter-black.png","contentUrl":"https:\/\/roxxlight.com\/wp-content\/uploads\/2024\/04\/Logo-ROXX_Newsletter-black.png","width":600,"height":114,"caption":"Roxxlight"},"image":{"@id":"https:\/\/roxxlight.com\/de\/#\/schema\/logo\/image\/"},"sameAs":["https:\/\/www.facebook.com\/roxxlight","https:\/\/www.instagram.com\/roxx.light\/"]}]}},"_links":{"self":[{"href":"https:\/\/roxxlight.com\/fr\/wp-json\/wp\/v2\/pages\/36644","targetHints":{"allow":["GET"]}}],"collection":[{"href":"https:\/\/roxxlight.com\/fr\/wp-json\/wp\/v2\/pages"}],"about":[{"href":"https:\/\/roxxlight.com\/fr\/wp-json\/wp\/v2\/types\/page"}],"author":[{"embeddable":true,"href":"https:\/\/roxxlight.com\/fr\/wp-json\/wp\/v2\/users\/1"}],"replies":[{"embeddable":true,"href":"https:\/\/roxxlight.com\/fr\/wp-json\/wp\/v2\/comments?post=36644"}],"version-history":[{"count":14,"href":"https:\/\/roxxlight.com\/fr\/wp-json\/wp\/v2\/pages\/36644\/revisions"}],"predecessor-version":[{"id":44279,"href":"https:\/\/roxxlight.com\/fr\/wp-json\/wp\/v2\/pages\/36644\/revisions\/44279"}],"wp:attachment":[{"href":"https:\/\/roxxlight.com\/fr\/wp-json\/wp\/v2\/media?parent=36644"}],"curies":[{"name":"wp","href":"https:\/\/api.w.org\/{rel}","templated":true}]}}