{"id":26625,"date":"2024-05-08T13:34:19","date_gmt":"2024-05-08T11:34:19","guid":{"rendered":"https:\/\/roxxlight.com\/modulo-di-registrazione-rma\/"},"modified":"2024-05-08T13:34:31","modified_gmt":"2024-05-08T11:34:31","slug":"modulo-di-registrazione-rma","status":"publish","type":"page","link":"https:\/\/roxxlight.com\/it\/modulo-di-registrazione-rma\/","title":{"rendered":"Modulo di registrazione RMA"},"content":{"rendered":"<p>[et_pb_section fb_built=&#8221;1&#8243; _builder_version=&#8221;4.16&#8243; _module_preset=&#8221;default&#8221; global_colors_info=&#8221;{}&#8221;][et_pb_row _builder_version=&#8221;4.21.0&#8243; _module_preset=&#8221;default&#8221; module_alignment=&#8221;center&#8221; global_colors_info=&#8221;{}&#8221;][et_pb_column type=&#8221;4_4&#8243; _builder_version=&#8221;4.21.0&#8243; _module_preset=&#8221;default&#8221; global_colors_info=&#8221;{}&#8221;][et_pb_text _builder_version=&#8221;4.21.0&#8243; _module_preset=&#8221;default&#8221; header_text_color=&#8221;#DBA000&#8243; global_colors_info=&#8221;{}&#8221;]<\/p>\n<h1>RMA Anmeldeformular<\/h1>\n<p>[\/et_pb_text][et_pb_text _builder_version=&#8221;4.21.0&#8243; _module_preset=&#8221;default&#8221; text_font=&#8221;|300|||||||&#8221; text_text_color=&#8221;#575756&#8243; text_font_size=&#8221;18px&#8221; header_text_color=&#8221;#DBA000&#8243; global_colors_info=&#8221;{}&#8221;]<\/p>\n<p>Fai in modo che l&#8217;Anmeldeformular sia cos\u00ec completo da poter essere utilizzato. Su questa base ti verr\u00e0 assegnato un numero di RMA, con il quale potrai sostituire il tuo apparecchio. Non inviare alcuna riparazione senza un numero di RMA. Se possibile, ti preghiamo di inviare un certificato di garanzia o una ricevuta, se il prodotto non \u00e8 ancora in garanzia.<\/p>\n<p>[\/et_pb_text][et_pb_text _builder_version=&#8221;4.21.0&#8243; _module_preset=&#8221;default&#8221; text_text_color=&#8221;#575756&#8243; header_font=&#8221;|800|||||||&#8221; module_alignment=&#8221;center&#8221; global_colors_info=&#8221;{}&#8221;]<\/p>\n\n<div class=\"wpcf7 no-js\" id=\"wpcf7-f26633-o1\" lang=\"it-IT\" dir=\"ltr\" data-wpcf7-id=\"26633\">\n<div class=\"screen-reader-response\"><p role=\"status\" aria-live=\"polite\" aria-atomic=\"true\"><\/p> <ul><\/ul><\/div>\n<form action=\"\/it\/wp-json\/wp\/v2\/pages\/26625#wpcf7-f26633-o1\" method=\"post\" class=\"wpcf7-form init\" aria-label=\"Modulo di contatto\" novalidate=\"novalidate\" data-status=\"init\">\n<fieldset class=\"hidden-fields-container\"><input type=\"hidden\" name=\"_wpcf7\" value=\"26633\" \/><input type=\"hidden\" name=\"_wpcf7_version\" value=\"6.1.5\" \/><input type=\"hidden\" name=\"_wpcf7_locale\" value=\"it_IT\" \/><input type=\"hidden\" name=\"_wpcf7_unit_tag\" value=\"wpcf7-f26633-o1\" \/><input type=\"hidden\" name=\"_wpcf7_container_post\" value=\"0\" \/><input type=\"hidden\" name=\"_wpcf7_posted_data_hash\" value=\"\" \/>\n<\/fieldset>\n<p><label> Vor e Nachname*<br \/>\n<span class=\"wpcf7-form-control-wrap\" data-name=\"your-name\"><input size=\"40\" maxlength=\"400\" class=\"wpcf7-form-control wpcf7-text wpcf7-validates-as-required\" autocomplete=\"name\" aria-required=\"true\" aria-invalid=\"false\" value=\"\" type=\"text\" name=\"your-name\" \/><\/span> <\/label>\n<\/p>\n<p><label> Aziende*<br \/>\n<span class=\"wpcf7-form-control-wrap\" data-name=\"your-company\"><input size=\"40\" maxlength=\"400\" class=\"wpcf7-form-control wpcf7-text wpcf7-validates-as-required\" autocomplete=\"company\" aria-required=\"true\" aria-invalid=\"false\" value=\"\" type=\"text\" name=\"your-company\" \/><\/span> <\/label>\n<\/p>\n<p><label> PLZ, Ort, Stra\u00dfe*<br \/>\n<span class=\"wpcf7-form-control-wrap\" data-name=\"your-adress\"><input size=\"40\" maxlength=\"400\" class=\"wpcf7-form-control wpcf7-text wpcf7-validates-as-required\" autocomplete=\"adress\" aria-required=\"true\" aria-invalid=\"false\" value=\"\" type=\"text\" name=\"your-adress\" \/><\/span> <\/label>\n<\/p>\n<p><label> Indirizzo e-mail*<br \/>\n<span class=\"wpcf7-form-control-wrap\" data-name=\"email-940\"><input size=\"40\" maxlength=\"400\" class=\"wpcf7-form-control wpcf7-email wpcf7-validates-as-required wpcf7-text wpcf7-validates-as-email\" aria-required=\"true\" aria-invalid=\"false\" value=\"\" type=\"email\" name=\"email-940\" \/><\/span> <\/label>\n<\/p>\n<p><label> Codice Fiscale<br \/>\n<span class=\"wpcf7-form-control-wrap\" data-name=\"customernumber\"><input size=\"40\" maxlength=\"400\" class=\"wpcf7-form-control wpcf7-text\" autocomplete=\"customernumber\" aria-invalid=\"false\" value=\"\" type=\"text\" name=\"customernumber\" \/><\/span> <\/label>\n<\/p>\n<p>BITTE W\u00c4HLEN SIE EIN ODER MEHRERE GER\u00c4TE*\n<\/p>\n<p>A.SHOW maxx SERIE<br \/>\n<span class=\"wpcf7-form-control-wrap\" data-name=\"SHOWmaxxSERIE\"><span class=\"wpcf7-form-control wpcf7-checkbox\"><span class=\"wpcf7-list-item first last\"><label><input type=\"checkbox\" name=\"SHOWmaxxSERIE[]\" value=\"A.SHOW maxx TW+\" \/><span class=\"wpcf7-list-item-label\">A.SHOW maxx TW+<\/span><\/label><\/span><\/span><\/span>\n<\/p>\n<p>SERIE DI SPETTACOLI<br \/>\n<span class=\"wpcf7-form-control-wrap\" data-name=\"SHOWSERIE\"><span class=\"wpcf7-form-control wpcf7-checkbox\"><span class=\"wpcf7-list-item first\"><label><input type=\"checkbox\" name=\"SHOWSERIE[]\" value=\"E.SHOW TW+\" \/><span class=\"wpcf7-list-item-label\">E.SHOW TW+<\/span><\/label><\/span><span class=\"wpcf7-list-item\"><label><input type=\"checkbox\" name=\"SHOWSERIE[]\" value=\"E.SHOW FC\" \/><span class=\"wpcf7-list-item-label\">E.SHOW FC<\/span><\/label><\/span><span class=\"wpcf7-list-item\"><label><input type=\"checkbox\" name=\"SHOWSERIE[]\" value=\"E.SHOW D\" \/><span class=\"wpcf7-list-item-label\">E.SHOW D<\/span><\/label><\/span><span class=\"wpcf7-list-item\"><label><input type=\"checkbox\" name=\"SHOWSERIE[]\" value=\"E.SHOW T\" \/><span class=\"wpcf7-list-item-label\">E.SHOW T<\/span><\/label><\/span><span class=\"wpcf7-list-item\"><label><input type=\"checkbox\" name=\"SHOWSERIE[]\" value=\"A.SHOW TW+\" \/><span class=\"wpcf7-list-item-label\">A.SHOW TW+<\/span><\/label><\/span><span class=\"wpcf7-list-item\"><label><input type=\"checkbox\" name=\"SHOWSERIE[]\" value=\"A.SHOW FC\" \/><span class=\"wpcf7-list-item-label\">A.SHOW FC<\/span><\/label><\/span><span class=\"wpcf7-list-item\"><label><input type=\"checkbox\" name=\"SHOWSERIE[]\" value=\"A.SHOW D\" \/><span class=\"wpcf7-list-item-label\">A.SHOW D<\/span><\/label><\/span><span class=\"wpcf7-list-item last\"><label><input type=\"checkbox\" name=\"SHOWSERIE[]\" value=\"A.SHOW T\" \/><span class=\"wpcf7-list-item-label\">A.SHOW T<\/span><\/label><\/span><\/span><\/span>\n<\/p>\n<p>A.SHOW mini serie<br \/>\n<span class=\"wpcf7-form-control-wrap\" data-name=\"SHOWminiSERIE\"><span class=\"wpcf7-form-control wpcf7-checkbox\"><span class=\"wpcf7-list-item first\"><label><input type=\"checkbox\" name=\"SHOWminiSERIE[]\" value=\"B.SHOW mini TW+\" \/><span class=\"wpcf7-list-item-label\">B.SHOW mini TW+<\/span><\/label><\/span><span class=\"wpcf7-list-item\"><label><input type=\"checkbox\" name=\"SHOWminiSERIE[]\" value=\"B.SHOW mini FC\" \/><span class=\"wpcf7-list-item-label\">B.SHOW mini FC<\/span><\/label><\/span><span class=\"wpcf7-list-item\"><label><input type=\"checkbox\" name=\"SHOWminiSERIE[]\" value=\"E.SHOW mini TW+\" \/><span class=\"wpcf7-list-item-label\">E.SHOW mini TW+<\/span><\/label><\/span><span class=\"wpcf7-list-item\"><label><input type=\"checkbox\" name=\"SHOWminiSERIE[]\" value=\"E.SHOW mini FC\" \/><span class=\"wpcf7-list-item-label\">E.SHOW mini FC<\/span><\/label><\/span><span class=\"wpcf7-list-item\"><label><input type=\"checkbox\" name=\"SHOWminiSERIE[]\" value=\"T.SHOW mini FC\" \/><span class=\"wpcf7-list-item-label\">T.SHOW mini FC<\/span><\/label><\/span><span class=\"wpcf7-list-item last\"><label><input type=\"checkbox\" name=\"SHOWminiSERIE[]\" value=\"T.SHOW mini FC\" \/><span class=\"wpcf7-list-item-label\">T.SHOW mini FC<\/span><\/label><\/span><\/span><\/span>\n<\/p>\n<p>SERIE FLEX<br \/>\n<span class=\"wpcf7-form-control-wrap\" data-name=\"FLEXSERIE\"><span class=\"wpcf7-form-control wpcf7-checkbox\"><span class=\"wpcf7-list-item first\"><label><input type=\"checkbox\" name=\"FLEXSERIE[]\" value=\"B.FLEX\" \/><span class=\"wpcf7-list-item-label\">B.FLEX<\/span><\/label><\/span><span class=\"wpcf7-list-item last\"><label><input type=\"checkbox\" name=\"FLEXSERIE[]\" value=\"B.FLEX mini\" \/><span class=\"wpcf7-list-item-label\">B.FLEX mini<\/span><\/label><\/span><\/span><\/span>\n<\/p>\n<p>SERIE CLUSTER<br \/>\n<span class=\"wpcf7-form-control-wrap\" data-name=\"CLUSTERSERIE\"><span class=\"wpcf7-form-control wpcf7-checkbox\"><span class=\"wpcf7-list-item first\"><label><input type=\"checkbox\" name=\"CLUSTERSERIE[]\" value=\"CLUSTER S1\" \/><span class=\"wpcf7-list-item-label\">CLUSTER S1<\/span><\/label><\/span><span class=\"wpcf7-list-item\"><label><input type=\"checkbox\" name=\"CLUSTERSERIE[]\" value=\"CLUSTER S2\" \/><span class=\"wpcf7-list-item-label\">CLUSTER S2<\/span><\/label><\/span><span class=\"wpcf7-list-item\"><label><input type=\"checkbox\" name=\"CLUSTERSERIE[]\" value=\"CLUSTER B2 W\" \/><span class=\"wpcf7-list-item-label\">CLUSTER B2 W<\/span><\/label><\/span><span class=\"wpcf7-list-item\"><label><input type=\"checkbox\" name=\"CLUSTERSERIE[]\" value=\"CLUSTER B2 FC\" \/><span class=\"wpcf7-list-item-label\">CLUSTER B2 FC<\/span><\/label><\/span><span class=\"wpcf7-list-item\"><label><input type=\"checkbox\" name=\"CLUSTERSERIE[]\" value=\"CLUSTER B4 W\" \/><span class=\"wpcf7-list-item-label\">CLUSTER B4 W<\/span><\/label><\/span><span class=\"wpcf7-list-item\"><label><input type=\"checkbox\" name=\"CLUSTERSERIE[]\" value=\"CLUSTER B4 FC\" \/><span class=\"wpcf7-list-item-label\">CLUSTER B4 FC<\/span><\/label><\/span><span class=\"wpcf7-list-item last\"><label><input type=\"checkbox\" name=\"CLUSTERSERIE[]\" value=\"CLUSTER S2i\" \/><span class=\"wpcf7-list-item-label\">CLUSTER S2i<\/span><\/label><\/span><\/span><\/span>\n<\/p>\n<p>SERIE NEO<br \/>\n<span class=\"wpcf7-form-control-wrap\" data-name=\"NEOSERIE\"><span class=\"wpcf7-form-control wpcf7-checkbox\"><span class=\"wpcf7-list-item first\"><label><input type=\"checkbox\" name=\"NEOSERIE[]\" value=\"NEO\" \/><span class=\"wpcf7-list-item-label\">NEO<\/span><\/label><\/span><span class=\"wpcf7-list-item\"><label><input type=\"checkbox\" name=\"NEOSERIE[]\" value=\"NEO fx\" \/><span class=\"wpcf7-list-item-label\">NEO fx<\/span><\/label><\/span><span class=\"wpcf7-list-item\"><label><input type=\"checkbox\" name=\"NEOSERIE[]\" value=\"NEO lite\" \/><span class=\"wpcf7-list-item-label\">NEO lite<\/span><\/label><\/span><span class=\"wpcf7-list-item\"><label><input type=\"checkbox\" name=\"NEOSERIE[]\" value=\"NEO mini\" \/><span class=\"wpcf7-list-item-label\">NEO mini<\/span><\/label><\/span><span class=\"wpcf7-list-item\"><label><input type=\"checkbox\" name=\"NEOSERIE[]\" value=\"NEOi mini\" \/><span class=\"wpcf7-list-item-label\">NEOi mini<\/span><\/label><\/span><span class=\"wpcf7-list-item last\"><label><input type=\"checkbox\" name=\"NEOSERIE[]\" value=\"NEOi\" \/><span class=\"wpcf7-list-item-label\">NEOi<\/span><\/label><\/span><\/span><\/span>\n<\/p>\n<p>SERIE ICON<br \/>\n<span class=\"wpcf7-form-control-wrap\" data-name=\"ICONSERIE\"><span class=\"wpcf7-form-control wpcf7-checkbox\"><span class=\"wpcf7-list-item first\"><label><input type=\"checkbox\" name=\"ICONSERIE[]\" value=\"ICONA F4\" \/><span class=\"wpcf7-list-item-label\">ICONA F4<\/span><\/label><\/span><span class=\"wpcf7-list-item\"><label><input type=\"checkbox\" name=\"ICONSERIE[]\" value=\"ICONA F6\" \/><span class=\"wpcf7-list-item-label\">ICONA F6<\/span><\/label><\/span><span class=\"wpcf7-list-item last\"><label><input type=\"checkbox\" name=\"ICONSERIE[]\" value=\"ICONA F8\" \/><span class=\"wpcf7-list-item-label\">ICONA F8<\/span><\/label><\/span><\/span><\/span>\n<\/p>\n<p><label> Seriennummer* (bitte eine pro Zeile)<br \/>\n<span class=\"wpcf7-form-control-wrap\" data-name=\"serial-number\"><textarea cols=\"40\" rows=\"10\" maxlength=\"2000\" class=\"wpcf7-form-control wpcf7-textarea wpcf7-validates-as-required\" autocomplete=\"serial-number\" aria-required=\"true\" aria-invalid=\"false\" name=\"serial-number\"><\/textarea><\/span> <\/label>\n<\/p>\n<p><label> Wieviele Ger\u00e4te versenden Sie?* (Gesamtzahl)<br \/>\n<span class=\"wpcf7-form-control-wrap\" data-name=\"Gesamtzahl\"><textarea cols=\"40\" rows=\"10\" maxlength=\"2000\" class=\"wpcf7-form-control wpcf7-textarea wpcf7-validates-as-required\" aria-required=\"true\" aria-invalid=\"false\" placeholder=\"1\" name=\"Gesamtzahl\"><\/textarea><\/span> <\/label>\n<\/p>\n<p><label> Fehlerbeschreibung*<br \/>\n<span class=\"wpcf7-form-control-wrap\" data-name=\"Errordescription\"><textarea cols=\"40\" rows=\"10\" maxlength=\"2000\" class=\"wpcf7-form-control wpcf7-textarea wpcf7-validates-as-required\" aria-required=\"true\" aria-invalid=\"false\" name=\"Errordescription\"><\/textarea><\/span> <\/label>\n<\/p>\n<p><label> Commenti speciali<br \/>\n<span class=\"wpcf7-form-control-wrap\" data-name=\"additionalremarks\"><textarea cols=\"40\" rows=\"10\" maxlength=\"2000\" class=\"wpcf7-form-control wpcf7-textarea\" aria-invalid=\"false\" name=\"additionalremarks\"><\/textarea><\/span> <\/label>\n<\/p>\n<p>Versand*<br \/>\n<span class=\"wpcf7-form-control-wrap\" data-name=\"radio-304\"><span class=\"wpcf7-form-control wpcf7-radio\"><span class=\"wpcf7-list-item first\"><label><input type=\"radio\" name=\"radio-304\" value=\"Noi ci occupiamo da soli di questo apparecchio\" checked=\"checked\" \/><span class=\"wpcf7-list-item-label\">Noi ci occupiamo da soli di questo apparecchio<\/span><\/label><\/span><span class=\"wpcf7-list-item last\"><label><input type=\"radio\" name=\"radio-304\" value=\"Bitte das Ger\u00e4t abholen (kostenpflichtig)\" \/><span class=\"wpcf7-list-item-label\">Bitte das Ger\u00e4t abholen (kostenpflichtig)<\/span><\/label><\/span><\/span><\/span>\n<\/p>\n<p><span class=\"wpcf7-form-control-wrap\" data-name=\"Privacy\"><span class=\"wpcf7-form-control wpcf7-acceptance\"><span class=\"wpcf7-list-item\"><label><input type=\"checkbox\" name=\"Privacy\" value=\"1\" aria-invalid=\"false\" \/><span class=\"wpcf7-list-item-label\">Ich stimme zu, dass meine Angaben aus dem Kontaktformular zur Beantwortung meiner Anfrage erhoben und verarbeitet werden. I dati sono stati cancellati dopo un'attenta analisi della tua richiesta di rimborso. Avvertenze: Puoi comunicare la tua volont\u00e0 per il futuro via e-mail a info@roxxlight.com. Informazioni pi\u00f9 dettagliate sull'utilizzo dei dati personali sono disponibili nella nostra Datenschutzerkl\u00e4rung.<\/span><\/label><\/span><\/span><\/span>\n<\/p>\n<p><button class=\"wpcf7-form-control wpcf7-submit et_pb_button\" type=\"submit\" value=\"Senden\">Senden<\/button>\n<\/p><div class=\"wpcf7-response-output\" aria-hidden=\"true\"><\/div>\n<\/form>\n<\/div>\n\n<p>[\/et_pb_text][\/et_pb_column][\/et_pb_row][\/et_pb_section]<\/p>\n","protected":false},"excerpt":{"rendered":"<p>RMA AnmeldeformularFai in modo che l&#8217;Anmeldeformular sia cos\u00ec completo da poter essere utilizzato. Su questa base ti verr\u00e0 assegnato un numero di RMA, con il quale potrai sostituire il tuo apparecchio. Non inviare alcuna riparazione senza un numero di RMA. Se possibile, ti preghiamo di inviare un certificato di garanzia o una ricevuta, se il [&hellip;]<\/p>\n","protected":false},"author":1,"featured_media":0,"parent":0,"menu_order":0,"comment_status":"closed","ping_status":"closed","template":"","meta":{"_et_pb_use_builder":"on","_et_pb_old_content":"","_et_gb_content_width":"","footnotes":""},"class_list":["post-26625","page","type-page","status-publish","hentry"],"yoast_head":"<!-- This site is optimized with the Yoast SEO plugin v27.3 - https:\/\/yoast.com\/product\/yoast-seo-wordpress\/ -->\n<title>Modulo di registrazione RMA - Roxxlight<\/title>\n<meta name=\"robots\" content=\"index, follow, max-snippet:-1, max-image-preview:large, max-video-preview:-1\" \/>\n<link rel=\"canonical\" href=\"https:\/\/roxxlight.com\/rma-registration-form\/\" \/>\n<meta property=\"og:locale\" content=\"it_IT\" \/>\n<meta property=\"og:type\" content=\"article\" \/>\n<meta property=\"og:title\" content=\"Modulo di registrazione RMA - Roxxlight\" \/>\n<meta property=\"og:description\" content=\"RMA AnmeldeformularFai in modo che l&#039;Anmeldeformular sia cos\u00ec completo da poter essere utilizzato. Su questa base ti verr\u00e0 assegnato un numero di RMA, con il quale potrai sostituire il tuo apparecchio. Non inviare alcuna riparazione senza un numero di RMA. Se possibile, ti preghiamo di inviare un certificato di garanzia o una ricevuta, se il [&hellip;]\" \/>\n<meta property=\"og:url\" content=\"https:\/\/roxxlight.com\/rma-registration-form\/\" \/>\n<meta property=\"og:site_name\" content=\"Roxxlight\" \/>\n<meta property=\"article:publisher\" content=\"https:\/\/www.facebook.com\/roxxlight\" \/>\n<meta property=\"article:modified_time\" content=\"2024-05-08T11:34:31+00:00\" \/>\n<meta name=\"twitter:card\" content=\"summary_large_image\" \/>\n<meta name=\"twitter:label1\" content=\"Tempo di lettura stimato\" \/>\n\t<meta name=\"twitter:data1\" content=\"1 minuto\" \/>\n<script type=\"application\/ld+json\" class=\"yoast-schema-graph\">{\"@context\":\"https:\\\/\\\/schema.org\",\"@graph\":[{\"@type\":\"WebPage\",\"@id\":\"https:\\\/\\\/roxxlight.com\\\/rma-registration-form\\\/\",\"url\":\"https:\\\/\\\/roxxlight.com\\\/rma-registration-form\\\/\",\"name\":\"Modulo di registrazione RMA - Roxxlight\",\"isPartOf\":{\"@id\":\"https:\\\/\\\/roxxlight.com\\\/de\\\/#website\"},\"datePublished\":\"2024-05-08T11:34:19+00:00\",\"dateModified\":\"2024-05-08T11:34:31+00:00\",\"breadcrumb\":{\"@id\":\"https:\\\/\\\/roxxlight.com\\\/rma-registration-form\\\/#breadcrumb\"},\"inLanguage\":\"it-IT\",\"potentialAction\":[{\"@type\":\"ReadAction\",\"target\":[\"https:\\\/\\\/roxxlight.com\\\/rma-registration-form\\\/\"]}]},{\"@type\":\"BreadcrumbList\",\"@id\":\"https:\\\/\\\/roxxlight.com\\\/rma-registration-form\\\/#breadcrumb\",\"itemListElement\":[{\"@type\":\"ListItem\",\"position\":1,\"name\":\"Startseite\",\"item\":\"https:\\\/\\\/roxxlight.com\\\/\"},{\"@type\":\"ListItem\",\"position\":2,\"name\":\"Modulo di registrazione RMA\"}]},{\"@type\":\"WebSite\",\"@id\":\"https:\\\/\\\/roxxlight.com\\\/de\\\/#website\",\"url\":\"https:\\\/\\\/roxxlight.com\\\/de\\\/\",\"name\":\"Roxxlight\",\"description\":\"\",\"publisher\":{\"@id\":\"https:\\\/\\\/roxxlight.com\\\/de\\\/#organization\"},\"potentialAction\":[{\"@type\":\"SearchAction\",\"target\":{\"@type\":\"EntryPoint\",\"urlTemplate\":\"https:\\\/\\\/roxxlight.com\\\/de\\\/?s={search_term_string}\"},\"query-input\":{\"@type\":\"PropertyValueSpecification\",\"valueRequired\":true,\"valueName\":\"search_term_string\"}}],\"inLanguage\":\"it-IT\"},{\"@type\":\"Organization\",\"@id\":\"https:\\\/\\\/roxxlight.com\\\/de\\\/#organization\",\"name\":\"Roxxlight\",\"url\":\"https:\\\/\\\/roxxlight.com\\\/de\\\/\",\"logo\":{\"@type\":\"ImageObject\",\"inLanguage\":\"it-IT\",\"@id\":\"https:\\\/\\\/roxxlight.com\\\/de\\\/#\\\/schema\\\/logo\\\/image\\\/\",\"url\":\"https:\\\/\\\/roxxlight.com\\\/wp-content\\\/uploads\\\/2024\\\/04\\\/Logo-ROXX_Newsletter-black.png\",\"contentUrl\":\"https:\\\/\\\/roxxlight.com\\\/wp-content\\\/uploads\\\/2024\\\/04\\\/Logo-ROXX_Newsletter-black.png\",\"width\":600,\"height\":114,\"caption\":\"Roxxlight\"},\"image\":{\"@id\":\"https:\\\/\\\/roxxlight.com\\\/de\\\/#\\\/schema\\\/logo\\\/image\\\/\"},\"sameAs\":[\"https:\\\/\\\/www.facebook.com\\\/roxxlight\",\"https:\\\/\\\/www.instagram.com\\\/roxx.light\\\/\"]}]}<\/script>\n<!-- \/ Yoast SEO plugin. -->","yoast_head_json":{"title":"Modulo di registrazione RMA - Roxxlight","robots":{"index":"index","follow":"follow","max-snippet":"max-snippet:-1","max-image-preview":"max-image-preview:large","max-video-preview":"max-video-preview:-1"},"canonical":"https:\/\/roxxlight.com\/rma-registration-form\/","og_locale":"it_IT","og_type":"article","og_title":"Modulo di registrazione RMA - Roxxlight","og_description":"RMA AnmeldeformularFai in modo che l'Anmeldeformular sia cos\u00ec completo da poter essere utilizzato. Su questa base ti verr\u00e0 assegnato un numero di RMA, con il quale potrai sostituire il tuo apparecchio. Non inviare alcuna riparazione senza un numero di RMA. Se possibile, ti preghiamo di inviare un certificato di garanzia o una ricevuta, se il [&hellip;]","og_url":"https:\/\/roxxlight.com\/rma-registration-form\/","og_site_name":"Roxxlight","article_publisher":"https:\/\/www.facebook.com\/roxxlight","article_modified_time":"2024-05-08T11:34:31+00:00","twitter_card":"summary_large_image","twitter_misc":{"Tempo di lettura stimato":"1 minuto"},"schema":{"@context":"https:\/\/schema.org","@graph":[{"@type":"WebPage","@id":"https:\/\/roxxlight.com\/rma-registration-form\/","url":"https:\/\/roxxlight.com\/rma-registration-form\/","name":"Modulo di registrazione RMA - Roxxlight","isPartOf":{"@id":"https:\/\/roxxlight.com\/de\/#website"},"datePublished":"2024-05-08T11:34:19+00:00","dateModified":"2024-05-08T11:34:31+00:00","breadcrumb":{"@id":"https:\/\/roxxlight.com\/rma-registration-form\/#breadcrumb"},"inLanguage":"it-IT","potentialAction":[{"@type":"ReadAction","target":["https:\/\/roxxlight.com\/rma-registration-form\/"]}]},{"@type":"BreadcrumbList","@id":"https:\/\/roxxlight.com\/rma-registration-form\/#breadcrumb","itemListElement":[{"@type":"ListItem","position":1,"name":"Startseite","item":"https:\/\/roxxlight.com\/"},{"@type":"ListItem","position":2,"name":"Modulo di registrazione RMA"}]},{"@type":"WebSite","@id":"https:\/\/roxxlight.com\/de\/#website","url":"https:\/\/roxxlight.com\/de\/","name":"Roxxlight","description":"","publisher":{"@id":"https:\/\/roxxlight.com\/de\/#organization"},"potentialAction":[{"@type":"SearchAction","target":{"@type":"EntryPoint","urlTemplate":"https:\/\/roxxlight.com\/de\/?s={search_term_string}"},"query-input":{"@type":"PropertyValueSpecification","valueRequired":true,"valueName":"search_term_string"}}],"inLanguage":"it-IT"},{"@type":"Organization","@id":"https:\/\/roxxlight.com\/de\/#organization","name":"Roxxlight","url":"https:\/\/roxxlight.com\/de\/","logo":{"@type":"ImageObject","inLanguage":"it-IT","@id":"https:\/\/roxxlight.com\/de\/#\/schema\/logo\/image\/","url":"https:\/\/roxxlight.com\/wp-content\/uploads\/2024\/04\/Logo-ROXX_Newsletter-black.png","contentUrl":"https:\/\/roxxlight.com\/wp-content\/uploads\/2024\/04\/Logo-ROXX_Newsletter-black.png","width":600,"height":114,"caption":"Roxxlight"},"image":{"@id":"https:\/\/roxxlight.com\/de\/#\/schema\/logo\/image\/"},"sameAs":["https:\/\/www.facebook.com\/roxxlight","https:\/\/www.instagram.com\/roxx.light\/"]}]}},"_links":{"self":[{"href":"https:\/\/roxxlight.com\/it\/wp-json\/wp\/v2\/pages\/26625","targetHints":{"allow":["GET"]}}],"collection":[{"href":"https:\/\/roxxlight.com\/it\/wp-json\/wp\/v2\/pages"}],"about":[{"href":"https:\/\/roxxlight.com\/it\/wp-json\/wp\/v2\/types\/page"}],"author":[{"embeddable":true,"href":"https:\/\/roxxlight.com\/it\/wp-json\/wp\/v2\/users\/1"}],"replies":[{"embeddable":true,"href":"https:\/\/roxxlight.com\/it\/wp-json\/wp\/v2\/comments?post=26625"}],"version-history":[{"count":1,"href":"https:\/\/roxxlight.com\/it\/wp-json\/wp\/v2\/pages\/26625\/revisions"}],"predecessor-version":[{"id":26629,"href":"https:\/\/roxxlight.com\/it\/wp-json\/wp\/v2\/pages\/26625\/revisions\/26629"}],"wp:attachment":[{"href":"https:\/\/roxxlight.com\/it\/wp-json\/wp\/v2\/media?parent=26625"}],"curies":[{"name":"wp","href":"https:\/\/api.w.org\/{rel}","templated":true}]}}